{"id":506,"date":"2016-08-18T12:52:11","date_gmt":"2016-08-18T09:52:11","guid":{"rendered":"http:\/\/smartyschool.stylemixthemes.com\/?page_id=506"},"modified":"2023-11-20T13:14:24","modified_gmt":"2023-11-20T11:14:24","slug":"about","status":"publish","type":"page","link":"https:\/\/moliere-eg.com\/fr\/about\/","title":{"rendered":"A propos"},"content":{"rendered":"<div class=\"wpb-content-wrapper\"><div class=\"vc_row wpb_row vc_row-fluid stm-row_table vc_custom_1471583510200\"><div class=\"wpb_column vc_column_container vc_col-sm-12 vc_col-lg-9 vc_col-md-offset-0 vc_col-md-9 vc_col-sm-offset-0 vc_col-xs-12\"><div class=\"vc_column-inner\"><div class=\"wpb_wrapper\">\n\t<div class=\"wpb_text_column wpb_content_element vc_custom_1696309818577\" >\n\t\t<div class=\"wpb_wrapper\">\n\t\t\t<p><span style=\"line-height: 36px; font-size: 20px; color: #000000;\">Depuis sa cr\u00e9ation en 2005, le Lyc\u00e9e Moli\u00e8re dispense un enseignement de qualit\u00e9 gr\u00e2ce \u00e0 une communaut\u00e9 \u00e9ducative qualifi\u00e9e et d\u00e9vou\u00e9e dans un environnement stimulant.<\/span><\/p>\n<p><span style=\"line-height: 36px; font-size: 20px; color: #000000;\">The raison d\u2019\u00eatre of our institution has always been our students. Their learning, growth, well-being, and fulfillment are at the heart of everything we accomplish.<\/span><\/p>\n\n\t\t<\/div>\n\t<\/div>\n<div class=\"vc_row wpb_row vc_inner vc_row-fluid\"><div class=\"wpb_column vc_column_container vc_col-sm-6\"><div class=\"vc_column-inner\"><div class=\"wpb_wrapper\">\n\t<div  class=\"wpb_single_image wpb_content_element vc_align_left wpb_content_element  img-responsive\">\n\t\t\n\t\t<figure class=\"wpb_wrapper vc_figure\">\n\t\t\t<div class=\"vc_single_image-wrapper   vc_box_border_grey\"><img fetchpriority=\"high\" decoding=\"async\" class=\"vc_single_image-img\" src=\"https:\/\/moliere-eg.com\/wp-content\/uploads\/2023\/09\/img16-700x700-1-435x280.jpg\" width=\"435\" height=\"280\" alt=\"img16-700x700-1\" title=\"img16-700x700-1\" \/><\/div>\n\t\t<\/figure>\n\t<\/div>\n<\/div><\/div><\/div><div class=\"wpb_column vc_column_container vc_col-sm-6\"><div class=\"vc_column-inner\"><div class=\"wpb_wrapper\">\n\t<div class=\"wpb_text_column wpb_content_element\" >\n\t\t<div class=\"wpb_wrapper\">\n\t\t\t<p>Avec ses cultures fran\u00e7aise, \u00e9gyptienne et anglaise, notre \u00e9cole accompagne les \u00e9l\u00e8ves de 2 \u00e0 18 ans tout au long de leur parcours \u00e9ducatif, en leur offrant la promesse d'une ouverture vers l'international. Nous dispensons une \u00e9ducation conforme au programme \u00e9tabli par le Minist\u00e8re de l'\u00c9ducation Nationale fran\u00e7ais, d\u00e8s la petite enfance jusqu'au lyc\u00e9e, tout en suivant \u00e9galement les directives du Minist\u00e8re de l'\u00c9ducation Nationale \u00e9gyptien.<\/p>\n\n\t\t<\/div>\n\t<\/div>\n<\/div><\/div><\/div><\/div><\/div><\/div><\/div><div class=\"wpb_column vc_column_container vc_col-sm-4 vc_col-lg-3 vc_col-md-3 vc_hidden-sm vc_col-xs-12 vc_hidden-xs\"><div class=\"vc_column-inner\"><div class=\"wpb_wrapper\"><div class=\"stm_wp_custom-menu wpb_content_element\" ><div class=\"widget widget_nav_menu\"><div class=\"menu-about-container\"><ul id=\"menu-about\" class=\"menu\"><li id=\"menu-item-2332\" class=\"menu-item menu-item-type-post_type menu-item-object-page menu-item-2332\"><a href=\"https:\/\/moliere-eg.com\/fr\/about\/history\/\">L'histoire<\/a><\/li>\n<li id=\"menu-item-2775\" class=\"menu-item menu-item-type-post_type menu-item-object-page menu-item-2775\"><a href=\"https:\/\/moliere-eg.com\/fr\/admissions\/\">Inscription<\/a><\/li>\n<\/ul><\/div><\/div><\/div><\/div><\/div><\/div><\/div><div data-vc-full-width=\"true\" data-vc-full-width-temp=\"true\" data-vc-full-width-init=\"false\" class=\"vc_row wpb_row vc_row-fluid vc_custom_1473418293819 vc_row-has-fill\"><div class=\"wpb_column vc_column_container vc_col-sm-12\"><div class=\"vc_column-inner\"><div class=\"wpb_wrapper\">            <div class=\"stm-title stm-title_sep_bottom\" style=\"text-align:left;font-size:30px;line-height:30px;color:#000000\">\n        \n        MESSAGE DE BIENVENUE DE LA DIRECTRICE\n                <\/div>\n            <div class=\"vc_row wpb_row vc_inner vc_row-fluid\"><div class=\"wpb_column vc_column_container vc_col-sm-8\"><div class=\"vc_column-inner vc_custom_1473418238313\"><div class=\"wpb_wrapper\">\n\t<div class=\"wpb_text_column wpb_content_element\" >\n\t\t<div class=\"wpb_wrapper\">\n\t\t\t<p>C\u2019est avec un immense plaisir que je vous accueille, vous et votre famille, sur le site du Lyc\u00e9e Moli\u00e8re d\u2019Alexandrie (ISE). Je suis tr\u00e8s fi\u00e8re d\u2019\u00eatre la directrice de cette \u00e9cole dynamique, multilingue et tourn\u00e9e vers le futur. J\u2019esp\u00e8re que vous trouverez que notre offre \u00e9ducative structur\u00e9e, nos enseignants passionn\u00e9s et notre environnement multiculturel sont adapt\u00e9s \u00e0 votre enfant.<\/p>\n<p>La valeur d\u2019une \u00e9cole d\u00e9pend de la valeur de ses enseignants, et \u00e0 Moli\u00e8re, j\u2019ai la chance de travailler avec une \u00e9quipe fantastique, \u00e9nergique et d\u00e9vou\u00e9e. La qualit\u00e9 exceptionnelle de notre corps enseignant cr\u00e9e un environnement d\u2019apprentissage dans lequel chaque professeur \u00e9tablit des liens particuliers avec chaque \u00e9l\u00e8ve et encourage ainsi leur participation. La r\u00e9ussite de votre enfant au niveau scolaire, social et personnel est notre priorit\u00e9.<\/p>\n\n\t\t<\/div>\n\t<\/div>\n<\/div><\/div><\/div><div class=\"wpb_column vc_column_container vc_col-sm-4\"><div class=\"vc_column-inner\"><div class=\"wpb_wrapper\">\n<div class=\"stm-single-image-wrapper vc_custom_1695714002274  stm-single-image_left\">\n\t\t<div class=\"stm-single-image stm-single-image_responsive\"><img decoding=\"async\" width=\"1000\" height=\"1250\" src=\"https:\/\/moliere-eg.com\/wp-content\/uploads\/2023\/09\/m.celine.jpg\" class=\"attachment-full\" alt=\"\" title=\"m.celine\" \/><\/div>\n<\/div>\n<\/div><\/div><\/div><\/div><\/div><\/div><\/div><\/div><div class=\"vc_row-full-width vc_clearfix\"><\/div><div class=\"vc_row wpb_row vc_row-fluid vc_custom_1471527651705\"><div class=\"wpb_column vc_column_container vc_col-sm-8\"><div class=\"vc_column-inner\"><div class=\"wpb_wrapper\">            <div class=\"stm-title stm-title_sep_bottom\" style=\"text-align:left;font-size:30px;line-height:42px;margin-bottom:26px;color:#000000\">\n        \n        NOTRE MISSION\n                <\/div>\n            \n\t<div class=\"wpb_text_column wpb_content_element vc_custom_1699949421442\" >\n\t\t<div class=\"wpb_wrapper\">\n\t\t\t<p><span style=\"font-family: 'Work Sans', sans-serif; font-size: 15px; color: #595959; line-height: 28px;\">Le Lyc\u00e9e Moli\u00e8re, \u00e0 travers ses valeurs fondamentales de respect, de responsabilit\u00e9, d\u2019int\u00e9grit\u00e9 et de joie d\u2019apprendre, donne aux \u00e9l\u00e8ves les moyens de devenir des citoyens engag\u00e9s, acteurs du monde de demain.\nNos \u00e9l\u00e8ves s\u2019\u00e9panouissent dans un environnement inclusif, multilingue et pluriculturel et nos cursus \u2014 \u00e0 la fois du Baccalaur\u00e9at fran\u00e7ais ou celui du Baccalaur\u00e9at \u00e9gyptien \u2014 leur offrent une exp\u00e9rience unique avec une r\u00e9elle immersion linguistique de la petite section de maternelle jusqu\u2019\u00e0 la terminale.<br \/>\nOur students thrive in an inclusive, multilingual and multicultural environment, and our curricula &#8211; both French Baccalaur\u00e9at and Egyptian Baccalaur\u00e9at &#8211; offer them a unique experience with real language immersion from pre-school through to the final year of high school.<br \/>\n.<\/span><\/p>\n\n\t\t<\/div>\n\t<\/div>\n<\/div><\/div><\/div><div class=\"wpb_column vc_column_container vc_col-sm-4\"><div class=\"vc_column-inner\"><div class=\"wpb_wrapper\">            <div class=\"stm-title stm-title_sep_bottom\" style=\"text-align:left;font-size:30px;line-height:42px;color:#000000\">\n        \n        FAQ\n                <\/div>\n            <div class=\"vc_tta-container\" data-vc-action=\"collapse\"><div class=\"vc_general vc_tta vc_tta-accordion vc_tta-o-shape-group vc_tta-gap-4 vc_tta-accordion_style_outline vc_tta-accordion_color_blue\"><div class=\"vc_tta-panels-container\"><div class=\"vc_tta-panels\"><div class=\"vc_tta-panel vc_active\" id=\"1471527006964-e06c976c-0c54\" data-vc-content=\".vc_tta-panel-body\"><div class=\"vc_tta-panel-heading\"><h4 class=\"vc_tta-panel-title vc_tta-controls-icon-position-right\"><a href=\"#1471527006964-e06c976c-0c54\" data-vc-accordion data-vc-container=\".vc_tta-container\"><span class=\"vc_tta-title-text\">1-Quel est l\u2019\u00e2ge minimum pour l\u2019entr\u00e9e en petite section de Maternelle?<\/span><i class=\"vc_tta-controls-icon vc_tta-controls-icon-plus\"><\/i><\/a><\/h4><\/div><div class=\"vc_tta-panel-body\">\n\t<div class=\"wpb_text_column wpb_content_element\" >\n\t\t<div class=\"wpb_wrapper\">\n\t\t\t<p>Les enfants doivent avoir 3 ans r\u00e9volus le 1er octobre.<\/p>\n\n\t\t<\/div>\n\t<\/div>\n<\/div><\/div><div class=\"vc_tta-panel\" id=\"1471527007054-0db8a01b-015a\" data-vc-content=\".vc_tta-panel-body\"><div class=\"vc_tta-panel-heading\"><h4 class=\"vc_tta-panel-title vc_tta-controls-icon-position-right\"><a href=\"#1471527007054-0db8a01b-015a\" data-vc-accordion data-vc-container=\".vc_tta-container\"><span class=\"vc_tta-title-text\">2-Quelle langue les enfants parlent-ils entre eux?<\/span><i class=\"vc_tta-controls-icon vc_tta-controls-icon-plus\"><\/i><\/a><\/h4><\/div><div class=\"vc_tta-panel-body\">\n\t<div class=\"wpb_text_column wpb_content_element\" >\n\t\t<div class=\"wpb_wrapper\">\n\t\t\t<p>L\u2019une des grandes joies ressenties au Lyc\u00e9e Moli\u00e8re est li\u00e9e \u00e0 la mani\u00e8re dont le fran\u00e7ais et l\u2019anglais sont parl\u00e9s par nos \u00e9l\u00e8ves, tous niveaux confondus. En g\u00e9n\u00e9ral, dans les petites classes, les enfants parlent la langue dans laquelle ils, ou leurs amis, sont le plus \u00e0 l\u2019aise.<\/p>\n\n\t\t<\/div>\n\t<\/div>\n<\/div><\/div><div class=\"vc_tta-panel\" id=\"1471527078901-848380dc-2ce5\" data-vc-content=\".vc_tta-panel-body\"><div class=\"vc_tta-panel-heading\"><h4 class=\"vc_tta-panel-title vc_tta-controls-icon-position-right\"><a href=\"#1471527078901-848380dc-2ce5\" data-vc-accordion data-vc-container=\".vc_tta-container\"><span class=\"vc_tta-title-text\">3-Quand dois-je soumettre ma demande d\u2019admission en Maternelle?<\/span><i class=\"vc_tta-controls-icon vc_tta-controls-icon-plus\"><\/i><\/a><\/h4><\/div><div class=\"vc_tta-panel-body\">\n\t<div class=\"wpb_text_column wpb_content_element\" >\n\t\t<div class=\"wpb_wrapper\">\n\t\t\t<p>Les parents ont jusqu\u2019au 15 mars pour d\u00e9poser le dossier d\u2019inscription de leur enfant. Toutefois, plus vite nous recevons la demande d\u2019inscription, plus vite nous pourrons entamer le processus d\u2019entretien et d\u2019\u00e9valuation.<\/p>\n\n\t\t<\/div>\n\t<\/div>\n<\/div><\/div><div class=\"vc_tta-panel\" id=\"1699856345525-f0490f08-e637\" data-vc-content=\".vc_tta-panel-body\"><div class=\"vc_tta-panel-heading\"><h4 class=\"vc_tta-panel-title vc_tta-controls-icon-position-right\"><a href=\"#1699856345525-f0490f08-e637\" data-vc-accordion data-vc-container=\".vc_tta-container\"><span class=\"vc_tta-title-text\">4-Notre famille ne parle pas fran\u00e7ais \u00e0 la maison ; pouvons-nous quand m\u00eame pr\u00e9senter un dossier d\u2019admission?<\/span><i class=\"vc_tta-controls-icon vc_tta-controls-icon-plus\"><\/i><\/a><\/h4><\/div><div class=\"vc_tta-panel-body\">\n\t<div class=\"wpb_text_column wpb_content_element\" >\n\t\t<div class=\"wpb_wrapper\">\n\t\t\t<p>Bien s\u00fbr ! Nous sommes ravis d\u2019accueillir les familles non francophones au Lyc\u00e9e. Veuillez noter que le choix de notre programme fran\u00e7ais dans un environnement familial non-francophone n\u00e9cessite un engagement de leur part ainsi qu\u2019un investissement de temps. Tous les parents doivent \u00eatre pr\u00eats \u00e0 exposer leurs enfants \u00e0 la langue et \u00e0 la culture fran\u00e7aises en dehors des salles de classe.<\/p>\n\n\t\t<\/div>\n\t<\/div>\n<\/div><\/div><\/div><\/div><\/div><\/div><\/div><\/div><\/div><\/div><div class=\"vc_row wpb_row vc_row-fluid vc_custom_1697441536835\"><div class=\"wpb_column vc_column_container vc_col-sm-6\"><div class=\"vc_column-inner\"><div class=\"wpb_wrapper\">\n\t<div class=\"wpb_video_widget wpb_content_element vc_clearfix   vc_video-aspect-ratio-169 vc_video-el-width-100 vc_video-align-left\" >\n\t\t<div class=\"wpb_wrapper\">\n\t\t\t\n\t\t\t<div class=\"wpb_video_wrapper\"><iframe title=\"Sief Nassar\" width=\"500\" height=\"281\" src=\"https:\/\/www.youtube.com\/embed\/T_8io4TaOeU?feature=oembed\" frameborder=\"0\" allow=\"accelerometer; autoplay; clipboard-write; encrypted-media; gyroscope; picture-in-picture; web-share\" referrerpolicy=\"strict-origin-when-cross-origin\" allowfullscreen><\/iframe><\/div>\n\t\t<\/div>\n\t<\/div>\n<\/div><\/div><\/div><div class=\"wpb_column vc_column_container vc_col-sm-6\"><div class=\"vc_column-inner\"><div class=\"wpb_wrapper\">\n<div class=\"stm-blockquote\">\n\t<p>\"Ces ann\u00e9es \u00e0 l'\u00e9cole furent denses, non seulement, en apprentissages, mais surtout en rencontres et en \u00e9motions fortes (...)\n Comme l'a dit Montaigne, ce n'est pas une \u00e2me, ce n'est pas un corps que l'on forme, c'est une homme! \"<br \/>\nAs Montaigne said, it&#8217;s not a soul, it&#8217;s not a body that you form, it&#8217;s a man! &#8220;<\/p>\n\t<\/div>\n<\/div><\/div><\/div><\/div><div data-vc-full-width=\"true\" data-vc-full-width-temp=\"true\" data-vc-full-width-init=\"false\" class=\"vc_row wpb_row vc_row-fluid vc_custom_1697444327516 vc_row-has-fill\"><div class=\"wpb_column vc_column_container vc_col-sm-12\"><div class=\"vc_column-inner\"><div class=\"wpb_wrapper\">            <div class=\"stm-title stm-title_sep_bottom\" style=\"text-align:center;font-size:30px;line-height:30px;color:#ffffff\">\n        \n        NOTRE VISION\n                <\/div>\n            <div class=\"vc_row wpb_row vc_inner vc_row-fluid vc_custom_1697444313564 vc_row-has-fill\"><div class=\"wpb_column vc_column_container vc_col-sm-12\"><div class=\"vc_column-inner vc_custom_1473418238313\"><div class=\"wpb_wrapper\">\n\t<div class=\"wpb_text_column wpb_content_element\" >\n\t\t<div class=\"wpb_wrapper\">\n\t\t\t<p><span style=\"color: #ffffff;\">Au Lyc\u00e9e Moli\u00e8re, nous nous engageons \u00e0 offrir une \u00e9ducation de qualit\u00e9 qui allie les valeurs de la culture fran\u00e7aise \u00e0 la richesse de la culture \u00e9gyptienne. Notre vision est de former des citoyens du monde bienveillants, curieux et responsables, capables de s\u2019\u00e9panouir dans un environnement multiculturel tout en pr\u00e9servant leur identit\u00e9.<\/span><\/p>\n<p><span style=\"color: #ffffff;\">Nous aspirons \u00e0 cr\u00e9er un environnement d\u2019apprentissage stimulant o\u00f9 chaque \u00e9l\u00e8ve est encourag\u00e9 \u00e0 d\u00e9velopper son plein potentiel, \u00e0 acqu\u00e9rir des comp\u00e9tences acad\u00e9miques solides et \u00e0 cultiver des valeurs telles que le respect, la tol\u00e9rance et la solidarit\u00e9. Nous croyons en une \u00e9ducation qui favorise la pens\u00e9e critique, la cr\u00e9ativit\u00e9 et l\u2019autonomie, pr\u00e9parant nos \u00e9l\u00e8ves \u00e0 devenir des apprenants \u00e0 vie.<\/span><\/p>\n\n\t\t<\/div>\n\t<\/div>\n<\/div><\/div><\/div><\/div><\/div><\/div><\/div><\/div><div class=\"vc_row-full-width vc_clearfix\"><\/div><div class=\"vc_row wpb_row vc_row-fluid\"><div class=\"wpb_column vc_column_container vc_col-sm-4\"><div class=\"vc_column-inner\"><div class=\"wpb_wrapper\">            <h2 class=\"stm-title stm-font_color_dark-blue stm-title_sep_bottom\" style=\"text-align:left\">\n        \n        Nos objectifs \n                <\/h2>\n            <\/div><\/div><\/div><div class=\"wpb_column vc_column_container vc_col-sm-8\"><div class=\"vc_column-inner\"><div class=\"wpb_wrapper\"><div class=\"vc_tta-container\" data-vc-action=\"collapse\"><div class=\"vc_general vc_tta vc_tta-accordion vc_tta-o-shape-group vc_tta-accordion_style_outline vc_tta-accordion_color_blue\"><div class=\"vc_tta-panels-container\"><div class=\"vc_tta-panels\"><div class=\"vc_tta-panel vc_active\" id=\"1697444427841-c8a75f13-7b67\" data-vc-content=\".vc_tta-panel-body\"><div class=\"vc_tta-panel-heading\"><h4 class=\"vc_tta-panel-title vc_tta-controls-icon-position-left\"><a href=\"#1697444427841-c8a75f13-7b67\" data-vc-accordion data-vc-container=\".vc_tta-container\"><span class=\"vc_tta-title-text\">Promouvoir le bien-\u00eatre et la sant\u00e9 \u00e0 l\u2019\u00e9cole<\/span><i class=\"vc_tta-controls-icon vc_tta-controls-icon-plus\"><\/i><\/a><\/h4><\/div><div class=\"vc_tta-panel-body\">\n\t<div class=\"wpb_text_column wpb_content_element\" >\n\t\t<div class=\"wpb_wrapper\">\n\t\t\t<ul>\n<li>Pr\u00e9vention des probl\u00e8mes de sant\u00e9<\/li>\n<li>Am\u00e9liorer les performances acad\u00e9miques<\/li>\n<li>Contribuer au bonheur \u00e0 l\u2019\u00e9cole, des lieux pour bien vivre ensemble<\/li>\n<\/ul>\n\n\t\t<\/div>\n\t<\/div>\n<\/div><\/div><div class=\"vc_tta-panel\" id=\"1697444427855-28c9400e-7b2a\" data-vc-content=\".vc_tta-panel-body\"><div class=\"vc_tta-panel-heading\"><h4 class=\"vc_tta-panel-title vc_tta-controls-icon-position-left\"><a href=\"#1697444427855-28c9400e-7b2a\" data-vc-accordion data-vc-container=\".vc_tta-container\"><span class=\"vc_tta-title-text\">Am\u00e9liorer les comp\u00e9tences linguistiques et promouvoir l'utilisation de la langue fran\u00e7aise au sein d'un environnement multilingue.<\/span><i class=\"vc_tta-controls-icon vc_tta-controls-icon-plus\"><\/i><\/a><\/h4><\/div><div class=\"vc_tta-panel-body\">\n\t<div class=\"wpb_text_column wpb_content_element\" >\n\t\t<div class=\"wpb_wrapper\">\n\t\t\t<ul>\n<li>D\u00e9velopper l\u2019expression orale, en fran\u00e7ais, pour tous les \u00e9l\u00e8ves.<\/li>\n<li>Renforcer la ma\u00eetrise du fran\u00e7ais : lecture, compr\u00e9hension, \u00e9crit<\/li>\n<li>Encourager la diversit\u00e9 culturelle gr\u00e2ce \u00e0 des \u00e9changes et une utilisation active des langues<\/li>\n<li>S\u2019appuyer sur les nouvelles technologies pour enrichir l\u2019exp\u00e9rience \u00e9ducative<\/li>\n<\/ul>\n\n\t\t<\/div>\n\t<\/div>\n<\/div><\/div><div class=\"vc_tta-panel\" id=\"1697444557656-31265c8d-c7df\" data-vc-content=\".vc_tta-panel-body\"><div class=\"vc_tta-panel-heading\"><h4 class=\"vc_tta-panel-title vc_tta-controls-icon-position-left\"><a href=\"#1697444557656-31265c8d-c7df\" data-vc-accordion data-vc-container=\".vc_tta-container\"><span class=\"vc_tta-title-text\">Accro\u00eetre l\u2019attrait et renforcer l\u2019identit\u00e9 de la section fran\u00e7aise<\/span><i class=\"vc_tta-controls-icon vc_tta-controls-icon-plus\"><\/i><\/a><\/h4><\/div><div class=\"vc_tta-panel-body\">\n\t<div class=\"wpb_text_column wpb_content_element\" >\n\t\t<div class=\"wpb_wrapper\">\n\t\t\t<ul>\n<li>D\u00e9finir et affirmer notre identit\u00e9 au sein de l\u2019ISE et au sein du r\u00e9seau MLF Egypte<\/li>\n<li>&nbsp;Structurer notre communication<\/li>\n<li>&nbsp;Continuer \u00e0 am\u00e9liorer l&#8217;environnement et les installations d&#8217;apprentissage.<\/li>\n<li>&nbsp;Encourager le d\u00e9veloppement professionnel<\/li>\n<\/ul>\n\n\t\t<\/div>\n\t<\/div>\n<\/div><\/div><\/div><\/div><\/div><\/div><\/div><\/div><\/div><\/div>\n<\/div>","protected":false},"excerpt":{"rendered":"Since its establishment in 2005, Lyc\u00e9e Moli\u00e8re has been providing quality education through a qualified and dedicated educational community in a stimulating environment. The raison d'\u00eatre of our institution has always been our students. Their learning, growth, well-being, and fulfillment are at the heart of everything we accomplish. With its French, Egyptian, and English cultures, [...]","protected":false},"author":2,"featured_media":0,"parent":0,"menu_order":1,"comment_status":"closed","ping_status":"closed","template":"","meta":{"footnotes":""},"class_list":["post-506","page","type-page","status-publish","hentry"],"_links":{"self":[{"href":"https:\/\/moliere-eg.com\/fr\/wp-json\/wp\/v2\/pages\/506","targetHints":{"allow":["GET"]}}],"collection":[{"href":"https:\/\/moliere-eg.com\/fr\/wp-json\/wp\/v2\/pages"}],"about":[{"href":"https:\/\/moliere-eg.com\/fr\/wp-json\/wp\/v2\/types\/page"}],"author":[{"embeddable":true,"href":"https:\/\/moliere-eg.com\/fr\/wp-json\/wp\/v2\/users\/2"}],"replies":[{"embeddable":true,"href":"https:\/\/moliere-eg.com\/fr\/wp-json\/wp\/v2\/comments?post=506"}],"version-history":[{"count":33,"href":"https:\/\/moliere-eg.com\/fr\/wp-json\/wp\/v2\/pages\/506\/revisions"}],"predecessor-version":[{"id":2822,"href":"https:\/\/moliere-eg.com\/fr\/wp-json\/wp\/v2\/pages\/506\/revisions\/2822"}],"wp:attachment":[{"href":"https:\/\/moliere-eg.com\/fr\/wp-json\/wp\/v2\/media?parent=506"}],"curies":[{"name":"wp","href":"https:\/\/api.w.org\/{rel}","templated":true}]}}