{"id":3471,"date":"2025-02-17T14:11:38","date_gmt":"2025-02-17T12:11:38","guid":{"rendered":"https:\/\/moliere-eg.com\/?page_id=3471"},"modified":"2025-04-14T07:26:40","modified_gmt":"2025-04-14T05:26:40","slug":"bourse-dexcellence","status":"publish","type":"page","link":"https:\/\/moliere-eg.com\/fr\/bourse-dexcellence\/","title":{"rendered":"Bourse d&#8217;Excellence"},"content":{"rendered":"<div data-elementor-type=\"wp-page\" data-elementor-id=\"3471\" class=\"elementor elementor-3471\">\n\t\t\t\t\t\t<section class=\"elementor-section elementor-top-section elementor-element elementor-element-12550cb elementor-section-boxed elementor-section-height-default elementor-section-height-default\" data-id=\"12550cb\" data-element_type=\"section\">\n\t\t\t\t\t\t<div class=\"elementor-container elementor-column-gap-default\">\n\t\t\t\t\t<div class=\"elementor-column elementor-col-100 elementor-top-column elementor-element elementor-element-a764357\" data-id=\"a764357\" data-element_type=\"column\">\n\t\t\t<div class=\"elementor-widget-wrap elementor-element-populated\">\n\t\t\t\t\t\t<div class=\"elementor-element elementor-element-bbe888a elementor-widget elementor-widget-text-editor\" data-id=\"bbe888a\" data-element_type=\"widget\" data-widget_type=\"text-editor.default\">\n\t\t\t\t<div class=\"elementor-widget-container\">\n\t\t\t\t\t\t\t\t\t<p><span style=\"font-weight: 400;\">Nous offrons des bourses d\u2019excellence aux \u00e9l\u00e8ves souhaitant rejoindre notre \u00e9tablissement en Seconde, Premi\u00e8re et Terminale. Cette bourse s\u2019adresse aux \u00e9tudiants brillants, motiv\u00e9s et engag\u00e9s, qui souhaitent poursuivre leur scolarit\u00e9 dans un environnement acad\u00e9mique exigeant.<\/span><\/p>\t\t\t\t\t\t\t\t<\/div>\n\t\t\t\t<\/div>\n\t\t\t\t<div class=\"elementor-element elementor-element-5d19cb9 elementor-widget elementor-widget-heading\" data-id=\"5d19cb9\" data-element_type=\"widget\" data-widget_type=\"heading.default\">\n\t\t\t\t<div class=\"elementor-widget-container\">\n\t\t\t\t\t<h3 class=\"elementor-heading-title elementor-size-default\">Crit\u00e8res d\u2019\u00e9ligibilit\u00e9\n<\/h3>\t\t\t\t<\/div>\n\t\t\t\t<\/div>\n\t\t\t\t<div class=\"elementor-element elementor-element-51db4cc elementor-widget__width-initial elementor-widget elementor-widget-text-editor\" data-id=\"51db4cc\" data-element_type=\"widget\" data-widget_type=\"text-editor.default\">\n\t\t\t\t<div class=\"elementor-widget-container\">\n\t\t\t\t\t\t\t\t\t<p><span style=\"font-weight: 400;\">Excellence acad\u00e9mique : Moyenne minimale de 16\/20 (\u00e9quivalent \u00e0 80%).<\/span><\/p>\t\t\t\t\t\t\t\t<\/div>\n\t\t\t\t<\/div>\n\t\t\t\t<div class=\"elementor-element elementor-element-03f839f elementor-widget elementor-widget-heading\" data-id=\"03f839f\" data-element_type=\"widget\" data-widget_type=\"heading.default\">\n\t\t\t\t<div class=\"elementor-widget-container\">\n\t\t\t\t\t<h5 class=\"elementor-heading-title elementor-size-default\">Dossier de candidature :\n<\/h5>\t\t\t\t<\/div>\n\t\t\t\t<\/div>\n\t\t\t\t<div class=\"elementor-element elementor-element-80151eb elementor-widget elementor-widget-text-editor\" data-id=\"80151eb\" data-element_type=\"widget\" data-widget_type=\"text-editor.default\">\n\t\t\t\t<div class=\"elementor-widget-container\">\n\t\t\t\t\t\t\t\t\t<ul><li style=\"font-weight: 400;\" aria-level=\"1\">R\u00e9daction d\u2019une lettre de motivation dans laquelle le candidat doit pr\u00e9senter ses objectifs scolaires, son projet d\u2019avenir, les raisons de son choix pour le Lyc\u00e9e Moli\u00e8re ainsi que sa vision de son parcours au sein de l'\u00e9tablissement.<\/li><li style=\"font-weight: 400;\" aria-level=\"1\">CV mentionnant les r\u00e9sultats scolaires, les engagements sociaux et\/ou les activit\u00e9s extracurriculaires (sports, art, etc.).<\/li><li style=\"font-weight: 400;\" aria-level=\"1\">Entretien personnel et \u00e9valuation.<\/li><li style=\"font-weight: 400;\" aria-level=\"1\">R\u00e9ussite au test d\u2019entr\u00e9e.<br \/>Les candidats doivent fournir les r\u00e9sultats des sp\u00e9cialit\u00e9s choisies (Premi\u00e8re et Terminale).<\/li><li style=\"font-weight: 400;\" aria-level=\"1\">R\u00e9sultats en Fran\u00e7ais obligatoires pour tous les candidats.<\/li><\/ul>\t\t\t\t\t\t\t\t<\/div>\n\t\t\t\t<\/div>\n\t\t\t\t<div class=\"elementor-element elementor-element-d135c96 elementor-widget elementor-widget-heading\" data-id=\"d135c96\" data-element_type=\"widget\" data-widget_type=\"heading.default\">\n\t\t\t\t<div class=\"elementor-widget-container\">\n\t\t\t\t\t<h3 class=\"elementor-heading-title elementor-size-default\">Conditions de maintien de la bourse\n<\/h3>\t\t\t\t<\/div>\n\t\t\t\t<\/div>\n\t\t\t\t<div class=\"elementor-element elementor-element-42cc99d elementor-widget__width-initial elementor-widget elementor-widget-text-editor\" data-id=\"42cc99d\" data-element_type=\"widget\" data-widget_type=\"text-editor.default\">\n\t\t\t\t<div class=\"elementor-widget-container\">\n\t\t\t\t\t\t\t\t\t<p>Une fois accept\u00e9e, la bourse est valable pour une ann\u00e9e scolaire et peut \u00eatre renouvel\u00e9e \u00e0 condition de maintenir une moyenne minimale de 16\/20.<\/p>\t\t\t\t\t\t\t\t<\/div>\n\t\t\t\t<\/div>\n\t\t\t\t<div class=\"elementor-element elementor-element-2227d1c elementor-widget elementor-widget-heading\" data-id=\"2227d1c\" data-element_type=\"widget\" data-widget_type=\"heading.default\">\n\t\t\t\t<div class=\"elementor-widget-container\">\n\t\t\t\t\t<h3 class=\"elementor-heading-title elementor-size-default\">D\u00e9lais de candidature\n<\/h3>\t\t\t\t<\/div>\n\t\t\t\t<\/div>\n\t\t\t\t<div class=\"elementor-element elementor-element-00bbc1b elementor-widget__width-initial elementor-widget elementor-widget-text-editor\" data-id=\"00bbc1b\" data-element_type=\"widget\" data-widget_type=\"text-editor.default\">\n\t\t\t\t<div class=\"elementor-widget-container\">\n\t\t\t\t\t\t\t\t\t<p>The <strong>La date limite pour postuler est le 1er mai 2025 pour l\u2019ann\u00e9e scolaire 2025-2026.<\/strong> for the <strong>2025-2026 academic year <\/strong>is<strong> May 1, 2025.<\/strong><\/p>\t\t\t\t\t\t\t\t<\/div>\n\t\t\t\t<\/div>\n\t\t\t\t<div class=\"elementor-element elementor-element-ca1b14c elementor-widget elementor-widget-heading\" data-id=\"ca1b14c\" data-element_type=\"widget\" data-widget_type=\"heading.default\">\n\t\t\t\t<div class=\"elementor-widget-container\">\n\t\t\t\t\t<h3 class=\"elementor-heading-title elementor-size-default\">Comment postuler ?\n<\/h3>\t\t\t\t<\/div>\n\t\t\t\t<\/div>\n\t\t\t\t<div class=\"elementor-element elementor-element-fedb111 elementor-widget__width-initial elementor-widget elementor-widget-text-editor\" data-id=\"fedb111\" data-element_type=\"widget\" data-widget_type=\"text-editor.default\">\n\t\t\t\t<div class=\"elementor-widget-container\">\n\t\t\t\t\t\t\t\t\t<p><span style=\"font-weight: 400;\">Les candidats int\u00e9ress\u00e9s doivent remplir le formulaire de candidature ci-dessous et soumettre leur dossier complet avant la date limite.<\/span><\/p>\t\t\t\t\t\t\t\t<\/div>\n\t\t\t\t<\/div>\n\t\t\t\t\t<\/div>\n\t\t<\/div>\n\t\t\t\t\t<\/div>\n\t\t<\/section>\n\t\t\t\t<section class=\"elementor-section elementor-top-section elementor-element elementor-element-01c8386 elementor-section-boxed elementor-section-height-default elementor-section-height-default\" data-id=\"01c8386\" data-element_type=\"section\">\n\t\t\t\t\t\t<div class=\"elementor-container elementor-column-gap-default\">\n\t\t\t\t\t<div class=\"elementor-column elementor-col-100 elementor-top-column elementor-element elementor-element-912cccb\" data-id=\"912cccb\" data-element_type=\"column\">\n\t\t\t<div class=\"elementor-widget-wrap elementor-element-populated\">\n\t\t\t\t\t\t<div class=\"elementor-element elementor-element-872955c elementor-widget elementor-widget-heading\" data-id=\"872955c\" data-element_type=\"widget\" data-widget_type=\"heading.default\">\n\t\t\t\t<div class=\"elementor-widget-container\">\n\t\t\t\t\t<h2 class=\"elementor-heading-title elementor-size-default\">Formulaire<\/h2>\t\t\t\t<\/div>\n\t\t\t\t<\/div>\n\t\t\t\t<div class=\"elementor-element elementor-element-df6a176 elementor-widget__width-initial elementor-widget elementor-widget-shortcode\" data-id=\"df6a176\" data-element_type=\"widget\" data-widget_type=\"shortcode.default\">\n\t\t\t\t<div class=\"elementor-widget-container\">\n\t\t\t\t\t\t\t<div class=\"elementor-shortcode\"><div id=\"quform-b77533\" class=\"quform quform-8 quform-support-page-caching\"><form id=\"quform-form-b77533\" class=\"quform-form quform-form-8\" action=\"\/fr\/wp-json\/wp\/v2\/pages\/3471#quform-b77533\" method=\"post\" enctype=\"multipart\/form-data\" novalidate=\"novalidate\" data-options=\"{&quot;id&quot;:8,&quot;uniqueId&quot;:&quot;b77533&quot;,&quot;theme&quot;:&quot;&quot;,&quot;ajax&quot;:true,&quot;logic&quot;:{&quot;logic&quot;:[],&quot;dependents&quot;:[],&quot;elementIds&quot;:[],&quot;dependentElementIds&quot;:[],&quot;animate&quot;:true},&quot;currentPageId&quot;:1,&quot;errorsIcon&quot;:&quot;&quot;,&quot;updateFancybox&quot;:true,&quot;hasPages&quot;:false,&quot;pages&quot;:[1],&quot;pageProgressType&quot;:&quot;numbers&quot;,&quot;tooltipsEnabled&quot;:true,&quot;tooltipClasses&quot;:&quot;qtip-quform-dark qtip-shadow&quot;,&quot;tooltipMy&quot;:&quot;left center&quot;,&quot;tooltipAt&quot;:&quot;right center&quot;,&quot;isRtl&quot;:false,&quot;scrollOffset&quot;:-50,&quot;scrollSpeed&quot;:800}\" data-trp-original-action=\"\/fr\/wp-json\/wp\/v2\/pages\/3471#quform-b77533\"><button class=\"quform-default-submit\" name=\"quform_submit\" type=\"submit\" value=\"submit\" aria-hidden=\"true\" tabindex=\"-1\"><\/button><div class=\"quform-form-inner quform-form-inner-8\"><input type=\"hidden\" name=\"quform_form_id\" value=\"8\" \/><input type=\"hidden\" name=\"quform_form_uid\" value=\"b77533\" \/><input type=\"hidden\" name=\"quform_count\" value=\"1\" \/><input type=\"hidden\" name=\"form_url\" value=\"https:\/\/moliere-eg.com\/fr\/wp-json\/wp\/v2\/pages\/3471\" \/><input type=\"hidden\" name=\"referring_url\" value=\"\" \/><input type=\"hidden\" name=\"post_id\" value=\"\" \/><input type=\"hidden\" name=\"post_title\" value=\"\" \/><input type=\"hidden\" name=\"quform_current_page_id\" value=\"1\" \/><input type=\"hidden\" name=\"quform_csrf_token\" value=\"it0mDIHQSV7WTdDa3tpGC0uCRCBs7XZaBPrOgm3l\" \/><div class=\"quform-elements quform-elements-8 quform-cf quform-responsive-elements-phone-landscape\"><div class=\"quform-element quform-element-page quform-page-1 quform-page-8_1 quform-cf quform-group-style-plain quform-first-page quform-last-page quform-current-page\"><div class=\"quform-child-elements\"><div class=\"quform-element quform-element-text quform-element-8_14 quform-cf quform-element-required\"><div class=\"quform-spacer\"><div class=\"quform-label quform-label-8_14\"><label class=\"quform-label-text\" for=\"quform_8_14_b77533\">Nom et pr\u00e9nom<span class=\"quform-required\">*<\/span><\/label><\/div><div class=\"quform-inner quform-inner-text quform-inner-8_14\"><div class=\"quform-input quform-input-text quform-input-8_14 quform-cf\"><input type=\"text\" id=\"quform_8_14_b77533\" name=\"quform_8_14\" class=\"quform-field quform-field-text quform-field-8_14\" \/><\/div><\/div><\/div><\/div><div class=\"quform-element quform-element-row quform-element-row-8_17 quform-2-columns quform-element-row-size-fixed quform-responsive-columns-phone-landscape\"><div class=\"quform-element quform-element-column quform-element-8_18\"><div class=\"quform-element quform-element-text quform-element-8_20 quform-cf quform-element-required\"><div class=\"quform-spacer\"><div class=\"quform-label quform-label-8_20\"><label class=\"quform-label-text\" for=\"quform_8_20_b77533\">Num\u00e9ro de t\u00e9l\u00e9phone du responsable l\u00e9gal<span class=\"quform-required\">*<\/span><\/label><\/div><div class=\"quform-inner quform-inner-text quform-inner-8_20\"><div class=\"quform-input quform-input-text quform-input-8_20 quform-cf\"><input type=\"text\" id=\"quform_8_20_b77533\" name=\"quform_8_20\" class=\"quform-field quform-field-text quform-field-8_20\" \/><\/div><\/div><\/div><\/div><\/div><div class=\"quform-element quform-element-column quform-element-8_19\"><div class=\"quform-element quform-element-email quform-element-8_22 quform-cf quform-element-required\"><div class=\"quform-spacer\"><div class=\"quform-label quform-label-8_22\"><label class=\"quform-label-text\" for=\"quform_8_22_b77533\">Adresse mail du responsable l\u00e9gal<span class=\"quform-required\">*<\/span><\/label><\/div><div class=\"quform-inner quform-inner-email quform-inner-8_22\"><div class=\"quform-input quform-input-email quform-input-8_22 quform-cf\"><input type=\"email\" id=\"quform_8_22_b77533\" name=\"quform_8_22\" class=\"quform-field quform-field-email quform-field-8_22\" \/><\/div><\/div><\/div><\/div><\/div><\/div><div class=\"quform-element quform-element-select quform-element-8_16 quform-cf quform-element-required\"><div class=\"quform-spacer\"><div class=\"quform-label quform-label-8_16\"><label class=\"quform-label-text\" for=\"quform_8_16_b77533\">Pour quel niveau postulez-vous?<span class=\"quform-required\">*<\/span><\/label><\/div><div class=\"quform-inner quform-inner-select quform-inner-8_16\"><div class=\"quform-input quform-input-select quform-input-8_16 quform-cf\"><select id=\"quform_8_16_b77533\" name=\"quform_8_16\" class=\"quform-field quform-field-select quform-field-8_16\"><option value=\"\" selected=\"selected\">Veuillez s\u00e9lectionner<\/option><option value=\"Seconde\">Seconde<\/option><option value=\"Premi\u00e8re\">Premi\u00e8re<\/option><option value=\"Terminale\">Terminale<\/option><\/select><\/div><\/div><\/div><\/div><div class=\"quform-element quform-element-row quform-element-row-8_5 quform-2-columns quform-element-row-size-fixed quform-responsive-columns-phone-landscape\"><div class=\"quform-element quform-element-column quform-element-8_6\"><div class=\"quform-element quform-element-file quform-element-8_4 quform-cf quform-element-required\"><div class=\"quform-spacer\"><div class=\"quform-label quform-label-8_4\"><label class=\"quform-label-text\" for=\"quform_8_4_b77533\">Joindre votre CV<span class=\"quform-required\">*<\/span><\/label><\/div><div class=\"quform-inner quform-inner-file quform-inner-8_4\"><div class=\"quform-input quform-input-file quform-input-8_4 quform-cf quform-button-style-theme\"><input type=\"file\" id=\"quform_8_4_b77533\" name=\"quform_8_4[]\" class=\"quform-field quform-field-file quform-field-8_4 quform-field-file-enhanced\" data-config=\"{&quot;id&quot;:4,&quot;identifier&quot;:&quot;8_4&quot;,&quot;name&quot;:&quot;quform_8_4&quot;,&quot;max&quot;:1,&quot;size&quot;:10485760,&quot;allowedExtensions&quot;:[&quot;jpg&quot;,&quot;jpeg&quot;,&quot;png&quot;,&quot;gif&quot;,&quot;pdf&quot;],&quot;notAllowedTypeWithFilename&quot;:&quot;Type de fichier \\u00ab %filename% \\u00bb non autoris\\u00e9&quot;,&quot;tooBigWithFilename&quot;:&quot;Le fichier \\u00ab %filename% \\u00bb d\\u00e9passe la taille maximale de fichier autoris\\u00e9e&quot;,&quot;tooMany&quot;:&quot;Vous ne pouvez pas envoyer plus de %max% fichier(s)&quot;,&quot;buttonType&quot;:&quot;button&quot;,&quot;buttonText&quot;:&quot;Parcourir...&quot;,&quot;buttonIcon&quot;:&quot;qicon-file_upload&quot;,&quot;buttonIconPosition&quot;:&quot;right&quot;}\" \/><\/div><\/div><\/div><\/div><\/div><div class=\"quform-element quform-element-column quform-element-8_7\"><div class=\"quform-element quform-element-file quform-element-8_8 quform-cf quform-element-required\"><div class=\"quform-spacer\"><div class=\"quform-label quform-label-8_8\"><label class=\"quform-label-text\" for=\"quform_8_8_b77533\">Joindre votre lettre de motivation <span class=\"quform-required\">*<\/span><\/label><\/div><div class=\"quform-inner quform-inner-file quform-inner-8_8\"><div class=\"quform-input quform-input-file quform-input-8_8 quform-cf quform-button-style-theme\"><input type=\"file\" id=\"quform_8_8_b77533\" name=\"quform_8_8[]\" class=\"quform-field quform-field-file quform-field-8_8 quform-field-file-enhanced\" data-config=\"{&quot;id&quot;:8,&quot;identifier&quot;:&quot;8_8&quot;,&quot;name&quot;:&quot;quform_8_8&quot;,&quot;max&quot;:1,&quot;size&quot;:10485760,&quot;allowedExtensions&quot;:[&quot;jpg&quot;,&quot;jpeg&quot;,&quot;png&quot;,&quot;gif&quot;,&quot;pdf&quot;],&quot;notAllowedTypeWithFilename&quot;:&quot;Type de fichier \\u00ab %filename% \\u00bb non autoris\\u00e9&quot;,&quot;tooBigWithFilename&quot;:&quot;Le fichier \\u00ab %filename% \\u00bb d\\u00e9passe la taille maximale de fichier autoris\\u00e9e&quot;,&quot;tooMany&quot;:&quot;Vous ne pouvez pas envoyer plus de %max% fichier(s)&quot;,&quot;buttonType&quot;:&quot;button&quot;,&quot;buttonText&quot;:&quot;Parcourir...&quot;,&quot;buttonIcon&quot;:&quot;qicon-file_upload&quot;,&quot;buttonIconPosition&quot;:&quot;right&quot;}\" \/><\/div><\/div><\/div><\/div><\/div><\/div><div class=\"quform-element quform-element-row quform-element-row-8_9 quform-2-columns quform-element-row-size-fixed quform-responsive-columns-phone-landscape\"><div class=\"quform-element quform-element-column quform-element-8_10\"><div class=\"quform-element quform-element-file quform-element-8_12 quform-cf quform-element-required\"><div class=\"quform-spacer\"><div class=\"quform-label quform-label-8_12\"><label class=\"quform-label-text\" for=\"quform_8_12_b77533\">Joindre une photo d\u2019identit\u00e9 r\u00e9cente<span class=\"quform-required\">*<\/span><\/label><\/div><div class=\"quform-inner quform-inner-file quform-inner-8_12\"><div class=\"quform-input quform-input-file quform-input-8_12 quform-cf quform-button-style-theme\"><input type=\"file\" id=\"quform_8_12_b77533\" name=\"quform_8_12[]\" class=\"quform-field quform-field-file quform-field-8_12 quform-field-file-enhanced\" data-config=\"{&quot;id&quot;:12,&quot;identifier&quot;:&quot;8_12&quot;,&quot;name&quot;:&quot;quform_8_12&quot;,&quot;max&quot;:1,&quot;size&quot;:10485760,&quot;allowedExtensions&quot;:[&quot;jpg&quot;,&quot;jpeg&quot;,&quot;png&quot;,&quot;gif&quot;,&quot;pdf&quot;],&quot;notAllowedTypeWithFilename&quot;:&quot;Type de fichier \\u00ab %filename% \\u00bb non autoris\\u00e9&quot;,&quot;tooBigWithFilename&quot;:&quot;Le fichier \\u00ab %filename% \\u00bb d\\u00e9passe la taille maximale de fichier autoris\\u00e9e&quot;,&quot;tooMany&quot;:&quot;Vous ne pouvez pas envoyer plus de %max% fichier(s)&quot;,&quot;buttonType&quot;:&quot;button&quot;,&quot;buttonText&quot;:&quot;Parcourir...&quot;,&quot;buttonIcon&quot;:&quot;qicon-file_upload&quot;,&quot;buttonIconPosition&quot;:&quot;right&quot;}\" \/><\/div><\/div><\/div><\/div><\/div><div class=\"quform-element quform-element-column quform-element-8_11\"><div class=\"quform-element quform-element-file quform-element-8_13 quform-cf quform-element-required\"><div class=\"quform-spacer\"><div class=\"quform-label quform-label-8_13\"><label class=\"quform-label-text\" for=\"quform_8_13_b77533\">Joindre vos 3 derniers bulletins scolaires <span class=\"quform-required\">*<\/span><\/label><\/div><div class=\"quform-inner quform-inner-file quform-inner-8_13\"><div class=\"quform-input quform-input-file quform-input-8_13 quform-cf quform-button-style-theme\"><input type=\"file\" id=\"quform_8_13_b77533\" name=\"quform_8_13[]\" class=\"quform-field quform-field-file quform-field-8_13 quform-field-file-enhanced\" multiple data-config=\"{&quot;id&quot;:13,&quot;identifier&quot;:&quot;8_13&quot;,&quot;name&quot;:&quot;quform_8_13&quot;,&quot;max&quot;:3,&quot;size&quot;:10485760,&quot;allowedExtensions&quot;:[&quot;jpg&quot;,&quot;jpeg&quot;,&quot;png&quot;,&quot;gif&quot;,&quot;pdf&quot;],&quot;notAllowedTypeWithFilename&quot;:&quot;Type de fichier \\u00ab %filename% \\u00bb non autoris\\u00e9&quot;,&quot;tooBigWithFilename&quot;:&quot;Le fichier \\u00ab %filename% \\u00bb d\\u00e9passe la taille maximale de fichier autoris\\u00e9e&quot;,&quot;tooMany&quot;:&quot;Vous ne pouvez pas envoyer plus de %max% fichier(s)&quot;,&quot;buttonType&quot;:&quot;button&quot;,&quot;buttonText&quot;:&quot;Parcourir...&quot;,&quot;buttonIcon&quot;:&quot;qicon-file_upload&quot;,&quot;buttonIconPosition&quot;:&quot;right&quot;}\" \/><\/div><\/div><\/div><\/div><\/div><\/div><div class=\"quform-element quform-element-submit quform-element-8_2 quform-cf quform-button-style-theme\"><div class=\"quform-button-submit quform-button-submit-default quform-button-submit-8_2\"><button name=\"quform_submit\" type=\"submit\" class=\"quform-submit\" value=\"submit\"><span class=\"quform-button-text quform-button-submit-text\">Soumettre<\/span><\/button><\/div><div class=\"quform-loading quform-loading-position-left quform-loading-type-spinner-1\"><div class=\"quform-loading-inner\"><div class=\"quform-loading-spinner\"><div class=\"quform-loading-spinner-inner\"><\/div><\/div><\/div><\/div><\/div><div class=\"quform-element-tree\"><label for=\"quform_8_0_b77533\">Ce champ devrait \u00eatre laiss\u00e9 vide<\/label><input type=\"text\" id=\"quform_8_0_b77533\" name=\"quform_8_0\" class=\"quform-field quform-field-tree quform-field-8_0\" tabindex=\"-1\" autocomplete=\"off\" \/><\/div><\/div><\/div><\/div><div class=\"quform-upload-progress-wrap\"><div class=\"quform-upload-progress-bar-wrap\"><div class=\"quform-upload-progress-bar\"><\/div><\/div><div class=\"quform-upload-info quform-cf\"><div class=\"quform-upload-filename\"><\/div><\/div><\/div><\/div><input type=\"hidden\" name=\"trp-form-language\" value=\"fr\"\/><\/form><\/div><\/div>\n\t\t\t\t\t\t<\/div>\n\t\t\t\t<\/div>\n\t\t\t\t\t<\/div>\n\t\t<\/div>\n\t\t\t\t\t<\/div>\n\t\t<\/section>\n\t\t\t\t<\/div>","protected":false},"excerpt":{"rendered":"<p>Lyc\u00e9e Moli\u00e8re is currently offering scholarships for students wishing to join our school in Seconde, Premi\u00e8re, and Terminale. This scholarship is intended for bright, motivated, and committed students who aspire to thrive in a stimulating and enriching academic environment. Eligibility Criteria Academic Excellence: Minimum average of 16\/20 (equivalent to 80%). Application File: A written essay [&hellip;]<\/p>","protected":false},"author":2,"featured_media":0,"parent":0,"menu_order":0,"comment_status":"closed","ping_status":"closed","template":"","meta":{"footnotes":""},"class_list":["post-3471","page","type-page","status-publish","hentry"],"_links":{"self":[{"href":"https:\/\/moliere-eg.com\/fr\/wp-json\/wp\/v2\/pages\/3471","targetHints":{"allow":["GET"]}}],"collection":[{"href":"https:\/\/moliere-eg.com\/fr\/wp-json\/wp\/v2\/pages"}],"about":[{"href":"https:\/\/moliere-eg.com\/fr\/wp-json\/wp\/v2\/types\/page"}],"author":[{"embeddable":true,"href":"https:\/\/moliere-eg.com\/fr\/wp-json\/wp\/v2\/users\/2"}],"replies":[{"embeddable":true,"href":"https:\/\/moliere-eg.com\/fr\/wp-json\/wp\/v2\/comments?post=3471"}],"version-history":[{"count":11,"href":"https:\/\/moliere-eg.com\/fr\/wp-json\/wp\/v2\/pages\/3471\/revisions"}],"predecessor-version":[{"id":3497,"href":"https:\/\/moliere-eg.com\/fr\/wp-json\/wp\/v2\/pages\/3471\/revisions\/3497"}],"wp:attachment":[{"href":"https:\/\/moliere-eg.com\/fr\/wp-json\/wp\/v2\/media?parent=3471"}],"curies":[{"name":"wp","href":"https:\/\/api.w.org\/{rel}","templated":true}]}}