{"id":3038,"date":"2024-07-09T12:13:05","date_gmt":"2024-07-09T10:13:05","guid":{"rendered":"http:\/\/moliere-eg.com\/?page_id=3038"},"modified":"2025-07-27T11:09:57","modified_gmt":"2025-07-27T09:09:57","slug":"school-fees-2025-2026","status":"publish","type":"page","link":"https:\/\/moliere-eg.com\/fr\/school-fees-2025-2026\/","title":{"rendered":"School Fees 2025-2026"},"content":{"rendered":"<div class=\"wpb-content-wrapper\"><div class=\"vc_row wpb_row vc_row-fluid\"><div class=\"wpb_column vc_column_container vc_col-sm-12\"><div class=\"vc_column-inner\"><div class=\"wpb_wrapper\">\n\t<div class=\"wpb_raw_code wpb_raw_html wpb_content_element\" >\n\t\t<div class=\"wpb_wrapper\">\n\t\t\t<style>\n  table {\n    border-collapse: collapse;\n    width: 100%;\n    font-size: 14px;\n  }\n\n  th, td {\n    padding: 8px;\n    text-align: center;\n    border: 1px solid #999;\n  }\n\n  thead {\n    background-color: #333;\n    color: #fff;\n  }\n\n  tbody tr:nth-child(odd) {\n    background-color: #f9f9f9;\n  }\n\n  tbody tr:nth-child(even) {\n    background-color: #e0e0e0;\n  }\n\n  \/* Responsive styling *\/\n  @media (max-width: 768px) {\n    .table-responsive {\n      overflow-x: auto;\n      -webkit-overflow-scrolling: touch;\n    }\n\n    table {\n      font-size: 12px;\n      min-width: 600px; \/* Ensures scrolling instead of breaking layout *\/\n    }\n  }\n<\/style>\n\n<section class=\"table-responsive\">\n  <table>\n    <thead>\n      <tr>\n        <th>Class<\/th>\n        <th>Total Tuition Fee<\/th>\n        <th>1st Payment (40%)<\/th>\n        <th>2nd Payment (30%)<\/th>\n        <th>3rd Payment (30%)<\/th>\n      <\/tr>\n    <\/thead>\n    <tbody>\n      <tr><td>PS<\/td><td>97,576<\/td><td>39,030<\/td><td>29,273<\/td><td>29,273<\/td><\/tr>\n      <tr><td>MS<\/td><td>99,569<\/td><td>39,828<\/td><td>29,871<\/td><td>29,871<\/td><\/tr>\n      <tr><td>GS<\/td><td>107,912<\/td><td>43,165<\/td><td>32,374<\/td><td>32,374<\/td><\/tr>\n      <tr><td>CP<\/td><td>130,568<\/td><td>52,227<\/td><td>39,170<\/td><td>39,170<\/td><\/tr>\n      <tr><td>CE1<\/td><td>130,568<\/td><td>52,227<\/td><td>39,170<\/td><td>39,170<\/td><\/tr>\n      <tr><td>CE2<\/td><td>137,299<\/td><td>54,920<\/td><td>41,190<\/td><td>41,190<\/td><\/tr>\n      <tr><td>CM1<\/td><td>137,299<\/td><td>54,920<\/td><td>41,190<\/td><td>41,190<\/td><\/tr>\n      <tr><td>CM2<\/td><td>137,299<\/td><td>54,920<\/td><td>41,190<\/td><td>41,190<\/td><\/tr>\n      <tr><td>6\u00e8me<\/td><td>154,602<\/td><td>61,841<\/td><td>46,381<\/td><td>46,381<\/td><\/tr>\n      <tr><td>5\u00e8me<\/td><td>155,408<\/td><td>62,163<\/td><td>46,622<\/td><td>46,622<\/td><\/tr>\n      <tr><td>4\u00e8me<\/td><td>163,750<\/td><td>65,500<\/td><td>49,125<\/td><td>49,125<\/td><\/tr>\n      <tr><td>3\u00e8me<\/td><td>170,166<\/td><td>68,066<\/td><td>51,050<\/td><td>51,050<\/td><\/tr>\n      <tr><td>2nde<\/td><td>173,720<\/td><td>69,488<\/td><td>52,116<\/td><td>52,116<\/td><\/tr>\n      <tr><td>1\u00e8re<\/td><td>159,920<\/td><td>63,968<\/td><td>47,976<\/td><td>47,976<\/td><\/tr>\n      <tr><td>Terminale<\/td><td>159,920<\/td><td>63,968<\/td><td>47,976<\/td><td>47,976<\/td><\/tr>\n    <\/tbody>\n  <\/table>\n<\/section>\n\n\t\t<\/div>\n\t<\/div>\n<\/div><\/div><\/div><\/div><div class=\"vc_row wpb_row vc_row-fluid\"><div class=\"wpb_column vc_column_container vc_col-sm-3\"><div class=\"vc_column-inner\"><div class=\"wpb_wrapper\"><\/div><\/div><\/div><div class=\"wpb_column vc_column_container vc_col-sm-6\"><div class=\"vc_column-inner\"><div class=\"wpb_wrapper\"><\/div><\/div><\/div><div class=\"wpb_column vc_column_container vc_col-sm-3\"><div class=\"vc_column-inner\"><div class=\"wpb_wrapper\"><\/div><\/div><\/div><\/div>\n<\/div>","protected":false},"excerpt":{"rendered":"Class Total Tuition Fee 1st Payment (40%) 2nd Payment (30%) 3rd Payment (30%) PS97,57639,03029,27329,273 MS99,56939,82829,87129,871 GS107,91243,16532,37432,374 CP130,56852,22739,17039,170 CE1130,56852,22739,17039,170 CE2137,29954,92041,19041,190 CM1137,29954,92041,19041,190 CM2137,29954,92041,19041,190 6\u00e8me154,60261,84146,38146,381 5\u00e8me155,40862,16346,62246,622 4\u00e8me163,75065,50049,12549,125 3\u00e8me170,16668,06651,05051,050 2nde173,72069,48852,11652,116 1\u00e8re159,92063,96847,97647,976 Terminale159,92063,96847,97647,976","protected":false},"author":2,"featured_media":0,"parent":0,"menu_order":0,"comment_status":"closed","ping_status":"closed","template":"","meta":{"footnotes":""},"class_list":["post-3038","page","type-page","status-publish","hentry"],"_links":{"self":[{"href":"https:\/\/moliere-eg.com\/fr\/wp-json\/wp\/v2\/pages\/3038","targetHints":{"allow":["GET"]}}],"collection":[{"href":"https:\/\/moliere-eg.com\/fr\/wp-json\/wp\/v2\/pages"}],"about":[{"href":"https:\/\/moliere-eg.com\/fr\/wp-json\/wp\/v2\/types\/page"}],"author":[{"embeddable":true,"href":"https:\/\/moliere-eg.com\/fr\/wp-json\/wp\/v2\/users\/2"}],"replies":[{"embeddable":true,"href":"https:\/\/moliere-eg.com\/fr\/wp-json\/wp\/v2\/comments?post=3038"}],"version-history":[{"count":25,"href":"https:\/\/moliere-eg.com\/fr\/wp-json\/wp\/v2\/pages\/3038\/revisions"}],"predecessor-version":[{"id":3535,"href":"https:\/\/moliere-eg.com\/fr\/wp-json\/wp\/v2\/pages\/3038\/revisions\/3535"}],"wp:attachment":[{"href":"https:\/\/moliere-eg.com\/fr\/wp-json\/wp\/v2\/media?parent=3038"}],"curies":[{"name":"wp","href":"https:\/\/api.w.org\/{rel}","templated":true}]}}