{"id":2679,"date":"2023-10-12T09:02:26","date_gmt":"2023-10-12T07:02:26","guid":{"rendered":"http:\/\/moliere-eg.com\/?page_id=2679"},"modified":"2023-11-20T10:31:08","modified_gmt":"2023-11-20T08:31:08","slug":"recruitment","status":"publish","type":"page","link":"https:\/\/moliere-eg.com\/fr\/recruitment\/","title":{"rendered":"Recrutement"},"content":{"rendered":"<div class=\"wpb-content-wrapper\"><div class=\"vc_row wpb_row vc_row-fluid\"><div class=\"wpb_column vc_column_container vc_col-sm-12\"><div class=\"vc_column-inner\"><div class=\"wpb_wrapper\">            <h3 class=\"stm-title stm-font_color_dark-blue stm-title_sep_bottom\" style=\"text-align:left\">\n        \n        Lyc\u00e9e Moli\u00e8re d\u2019Alexandrie offers many career opportunities all year round for experienced, energised, passionate educators.\n                <\/h3>\n            <div class=\"vc_row wpb_row vc_inner vc_row-fluid\"><div class=\"wpb_column vc_column_container vc_col-sm-8\"><div class=\"vc_column-inner\"><div class=\"wpb_wrapper\">\n\t<div class=\"wpb_text_column wpb_content_element\" >\n\t\t<div class=\"wpb_wrapper\">\n\t\t\t<p>Le Lyc\u00e9e Moli\u00e8re d'Alexandrie est un \u00e9tablissement d'enseignement avant-gardiste qui s'engage \u00e0 offrir la meilleure exp\u00e9rience d'apprentissage \u00e0 ses \u00e9l\u00e8ves.<\/p>\n<p>Nous sommes constamment \u00e0 la recherche d'enseignants certifi\u00e9s qui se consacrent \u00e0 l'\u00e9ducation des jeunes esprits. Notre personnel enseignant a g\u00e9n\u00e9ralement un minimum de trois ans d'exp\u00e9rience dans l'enseignement, ce qui garantit un haut niveau d'expertise dans leurs mati\u00e8res respectives. Si vous souhaitez rejoindre notre \u00e9quipe d'\u00e9ducateurs passionn\u00e9s et aider nos \u00e9l\u00e8ves \u00e0 s'\u00e9panouir, nous vous invitons \u00e0 envoyer votre CV \u00e0 info@moliere-eg.com. <a href=\"mailto:info@moliere-eg.com\">info@moliere-eg.com<\/a>.<\/p>\n<p>Vos qualifications et votre enthousiasme peuvent contribuer \u00e0 fa\u00e7onner l'avenir de l'\u00e9ducation au Lyc\u00e9e Moli\u00e8re.<\/p>\n\n\t\t<\/div>\n\t<\/div>\n<\/div><\/div><\/div><div class=\"wpb_column vc_column_container vc_col-sm-4 vc_col-has-fill\"><div class=\"vc_column-inner vc_custom_1697436959897\"><div class=\"wpb_wrapper\">\n\t<div  class=\"wpb_single_image wpb_content_element vc_align_left wpb_content_element\">\n\t\t\n\t\t<figure class=\"wpb_wrapper vc_figure\">\n\t\t\t<div class=\"vc_single_image-wrapper   vc_box_border_grey\"><img fetchpriority=\"high\" decoding=\"async\" width=\"960\" height=\"960\" src=\"https:\/\/moliere-eg.com\/wp-content\/uploads\/2023\/11\/rec-img.jpg\" class=\"vc_single_image-img attachment-full\" alt=\"\" title=\"rec-img\" srcset=\"https:\/\/moliere-eg.com\/wp-content\/uploads\/2023\/11\/rec-img.jpg 960w, https:\/\/moliere-eg.com\/wp-content\/uploads\/2023\/11\/rec-img-300x300.jpg 300w, https:\/\/moliere-eg.com\/wp-content\/uploads\/2023\/11\/rec-img-150x150.jpg 150w, https:\/\/moliere-eg.com\/wp-content\/uploads\/2023\/11\/rec-img-768x768.jpg 768w, https:\/\/moliere-eg.com\/wp-content\/uploads\/2023\/11\/rec-img-12x12.jpg 12w\" sizes=\"(max-width: 960px) 100vw, 960px\" \/><\/div>\n\t\t<\/figure>\n\t<\/div>\n<\/div><\/div><\/div><\/div><\/div><\/div><\/div><\/div>\n<\/div>","protected":false},"excerpt":{"rendered":"The Lyc\u00e9e Moli\u00e8re d&#039;Alexandrie offers many career opportunities throughout the year for experienced, dynamic and passionate educators. The Lyc\u00e9e Moli\u00e8re d'Alexandrie is a forward-thinking educational institution committed to providing the best learning experience for its students. We are constantly on the lookout for certified teachers who are dedicated to nurturing young minds. Our teaching staff [...]","protected":false},"author":2,"featured_media":0,"parent":0,"menu_order":0,"comment_status":"closed","ping_status":"closed","template":"","meta":{"footnotes":""},"class_list":["post-2679","page","type-page","status-publish","hentry"],"_links":{"self":[{"href":"https:\/\/moliere-eg.com\/fr\/wp-json\/wp\/v2\/pages\/2679","targetHints":{"allow":["GET"]}}],"collection":[{"href":"https:\/\/moliere-eg.com\/fr\/wp-json\/wp\/v2\/pages"}],"about":[{"href":"https:\/\/moliere-eg.com\/fr\/wp-json\/wp\/v2\/types\/page"}],"author":[{"embeddable":true,"href":"https:\/\/moliere-eg.com\/fr\/wp-json\/wp\/v2\/users\/2"}],"replies":[{"embeddable":true,"href":"https:\/\/moliere-eg.com\/fr\/wp-json\/wp\/v2\/comments?post=2679"}],"version-history":[{"count":9,"href":"https:\/\/moliere-eg.com\/fr\/wp-json\/wp\/v2\/pages\/2679\/revisions"}],"predecessor-version":[{"id":2790,"href":"https:\/\/moliere-eg.com\/fr\/wp-json\/wp\/v2\/pages\/2679\/revisions\/2790"}],"wp:attachment":[{"href":"https:\/\/moliere-eg.com\/fr\/wp-json\/wp\/v2\/media?parent=2679"}],"curies":[{"name":"wp","href":"https:\/\/api.w.org\/{rel}","templated":true}]}}