{"id":2530,"date":"2023-09-26T09:46:19","date_gmt":"2023-09-26T07:46:19","guid":{"rendered":"http:\/\/moliere-eg.com\/?page_id=2530"},"modified":"2024-12-15T11:13:28","modified_gmt":"2024-12-15T09:13:28","slug":"admissions","status":"publish","type":"page","link":"https:\/\/moliere-eg.com\/fr\/admissions\/","title":{"rendered":"Inscription"},"content":{"rendered":"<div class=\"wpb-content-wrapper\"><div class=\"vc_row wpb_row vc_row-fluid\"><div class=\"wpb_column vc_column_container vc_col-sm-12\"><div class=\"vc_column-inner\"><div class=\"wpb_wrapper\">            <h1 class=\"stm-title stm-title_sep_bottom\" style=\"text-align:center;color:#8c1515\">\n        \n        Modalit\u00e9s d\u2019inscription au Lyc\u00e9e Moli\u00e8re\n                <\/h1>\n            <\/div><\/div><\/div><\/div><div class=\"vc_row wpb_row vc_row-fluid\"><div class=\"wpb_column vc_column_container vc_col-sm-12\"><div class=\"vc_column-inner\"><div class=\"wpb_wrapper\"><div class=\"vc_row wpb_row vc_inner vc_row-fluid vc_custom_1696316664359\"><div class=\"wpb_column vc_column_container vc_col-sm-6\"><div class=\"vc_column-inner\"><div class=\"wpb_wrapper\">\n<div class=\"stm-single-image-wrapper vc_custom_1696316426922  stm-single-image_left\">\n\t\t<div class=\"stm-single-image stm-single-image_responsive\"><img fetchpriority=\"high\" decoding=\"async\" width=\"1420\" height=\"422\" src=\"https:\/\/moliere-eg.com\/wp-content\/uploads\/2023\/10\/admission-table.png\" class=\"attachment-full\" alt=\"\" title=\"admission-table\" \/><\/div>\n<\/div>\n<\/div><\/div><\/div><div class=\"wpb_column vc_column_container vc_col-sm-6\"><div class=\"vc_column-inner\"><div class=\"wpb_wrapper\">\n\t<div class=\"wpb_text_column wpb_content_element\" >\n\t\t<div class=\"wpb_wrapper\">\n\t\t\t<p class=\"p2\"><strong>1. Prise de contact :<\/strong><br \/>\nLes parents int\u00e9ress\u00e9s doivent d\u2019abord prendre contact avec l\u2019\u00e9cole pour obtenir des informations sur les modalit\u00e9s d\u2019inscription, les frais de scolarit\u00e9 et les places disponibles. Cette \u00e9tape peut se faire en ligne ou en personne, selon la situation de la famille.<\/p>\n\n\t\t<\/div>\n\t<\/div>\n<\/div><\/div><\/div><\/div><\/div><\/div><\/div><\/div><div class=\"vc_row wpb_row vc_row-fluid vc_column-gap-20\"><div class=\"wpb_column vc_column_container vc_col-sm-12\"><div class=\"vc_column-inner\"><div class=\"wpb_wrapper\"><div class=\"vc_row wpb_row vc_inner vc_row-fluid vc_custom_1696316664359\"><div class=\"wpb_column vc_column_container vc_col-sm-6 vc_col-has-fill\"><div class=\"vc_column-inner vc_custom_1700472064362\"><div class=\"wpb_wrapper\"><div class=\"vc_empty_space\"   style=\"height: 350px\"><span class=\"vc_empty_space_inner\"><\/span><\/div><\/div><\/div><\/div><div class=\"wpb_column vc_column_container vc_col-sm-6\"><div class=\"vc_column-inner\"><div class=\"wpb_wrapper\">\n\t<div class=\"wpb_text_column wpb_content_element\" >\n\t\t<div class=\"wpb_wrapper\">\n\t\t\t<p><strong>2. Demande d\u2019admission :<br \/>\nLes parents doivent soumettre une demande d\u2019admission \u00e0 l\u2019\u00e9cole.<br \/>\n<a href=\"https:\/\/moliere-eg.com\/wp-content\/uploads\/2024\/12\/website-LM-Application.zip\"><img decoding=\"async\" class=\"alignnone wp-image-3322\" src=\"https:\/\/moliere-eg.com\/wp-content\/uploads\/2024\/12\/file-150x150-1.webp\" alt=\"\" width=\"29\" height=\"29\" srcset=\"https:\/\/moliere-eg.com\/wp-content\/uploads\/2024\/12\/file-150x150-1.webp 150w, https:\/\/moliere-eg.com\/wp-content\/uploads\/2024\/12\/file-150x150-1-12x12.webp 12w\" sizes=\"(max-width: 29px) 100vw, 29px\" \/><\/a> <a href=\"https:\/\/moliere-eg.com\/wp-content\/uploads\/2024\/12\/website-LM-Application.zip\">download the application<\/a>,<br \/>\ncomplete it, and send it to <a href=\"mailto:admission@ise.edu.eg\">admission@ise.edu.eg<\/a>.<br \/>\n<\/strong>Cette demande n\u00e9cessite des documents tels que :<\/p>\n<ul>\n<li>6 photos r\u00e9centes<\/li>\n<li>1 certificat d\u2019acte de naissance<\/li>\n<li>Copie du passeport de l\u2019\u00e9l\u00e8ve (s\u2019il en poss\u00e8de un)<\/li>\n<li>Copie des identit\u00e9s des parents<\/li>\n<li>Copie du carnet de sant\u00e9<\/li>\n<li>Certificat de radiation de l\u2019\u00e9cole pr\u00e9c\u00e9dente<\/li>\n<li>Bulletins scolaires (pour toutes les ann\u00e9es pr\u00e9c\u00e9dentes)<\/li>\n<li>Notes aux \u00e9preuves anticip\u00e9es et aux \u00e9preuves du DNB (pour les \u00e9l\u00e8ves du lyc\u00e9e)<\/li>\n<li>Papiers de transfert de l\u2019ancien \u00e9tablissement tamponn\u00e9s de la Zone<\/li>\n<li>Transfert (\u00e9lectronique) sur le site du minist\u00e8re \u00e9gyptien<\/li>\n<\/ul>\n\n\t\t<\/div>\n\t<\/div>\n<\/div><\/div><\/div><\/div><\/div><\/div><\/div><\/div><div class=\"vc_row wpb_row vc_row-fluid\"><div class=\"wpb_column vc_column_container vc_col-sm-12\"><div class=\"vc_column-inner\"><div class=\"wpb_wrapper\">\n\t<div class=\"wpb_text_column wpb_content_element\" >\n\t\t<div class=\"wpb_wrapper\">\n\t\t\t<p><strong>3. Examens d\u2019admission<\/strong><br \/>\nQuand votre dossier d\u2019inscription sera complet et accept\u00e9, vous serez inform\u00e9 par l\u2019\u00e9quipe charg\u00e9e des admissions, de la date et heure de l\u2019examen d\u2019admission de votre\/vos enfant(s) (pour les \u00e9l\u00e8ves qui ne proviennent pas d\u2019un \u00e9tablissement MLF). Cet examen permet d\u2019\u00e9valuer les niveaux de comp\u00e9tences en fran\u00e7ais oral et \u00e9crit, en math\u00e9matiques et le cas \u00e9ch\u00e9ant dans d\u2019autres mati\u00e8res. Cela peut \u00eatre particuli\u00e8rement important pour les \u00e9l\u00e8ves qui ne sont pas francophones natifs.<\/p>\n<p><strong>4. Entretien avec la Directrice:<\/strong><br \/>\nQuand votre dossier d\u2019inscription sera complet et accept\u00e9, vous serez inform\u00e9 par l\u2019\u00e9quipe charg\u00e9e des admissions, de la date et heure de l\u2019examen d\u2019admission de votre\/vos enfant(s) (pour les \u00e9l\u00e8ves qui ne proviennent pas d\u2019un \u00e9tablissement MLF). Cet examen permet d\u2019\u00e9valuer les niveaux de comp\u00e9tences en fran\u00e7ais oral et \u00e9crit, en math\u00e9matiques et le cas \u00e9ch\u00e9ant dans d\u2019autres mati\u00e8res. Cela peut \u00eatre particuli\u00e8rement important pour les \u00e9l\u00e8ves qui ne sont pas francophones natifs.<\/p>\n<p>Cette rencontre sert \u00e9galement \u00e0 \u00e9tablir un lien de confiance entre les parents et l\u2019\u00e9cole. C\u2019est l\u2019occasion pour les parents de poser des questions sur l\u2019\u00e9cole, son fonctionnement, les attentes, etc<\/p>\n<p>Apr\u00e8s votre r\u00e9union avec la Directrice, vous recevrez une notification, que ce soit par voie \u00e9lectronique ou par t\u00e9l\u00e9phone, vous indiquant si votre enfant a \u00e9t\u00e9 accept\u00e9 ou non au sein de notre \u00e9tablissement.<\/p>\n<p><strong>5. Inscription et r\u00e8glement:<\/strong><br \/>\nLes familles dont les enfants ont \u00e9t\u00e9 accept\u00e9s et ont re\u00e7u une offre officielle d\u2019admission \u00e0 Moli\u00e8re doivent s\u2019acquitter des frais d\u2019inscription initiale. L\u2019inscription de l\u2019\u00e9l\u00e8ve sera confirm\u00e9e d\u00e8s que ces frais auront \u00e9t\u00e9 r\u00e9gl\u00e9s. Si la situation n\u2019est pas r\u00e9gl\u00e9e dans un d\u00e9lai de 6 jours ouvr\u00e9s, apr\u00e8s l\u2019offre officielle, le Lyc\u00e9e Moli\u00e8re se r\u00e9serve le droit de proposer la place \u00e0 un autre candidat. Le processus d\u2019admission sera consid\u00e9r\u00e9 comme achev\u00e9 une fois que les frais de scolarit\u00e9 auront \u00e9t\u00e9 int\u00e9gralement r\u00e9gl\u00e9s.<\/p>\n<p><strong>6. Orientation and administrative registration:<\/strong> After registration, the school will provide parents with information about their child&#8217;s future schooling, textbook acquisition and other administrative procedures.<\/p>\n\n\t\t<\/div>\n\t<\/div>\n<\/div><\/div><\/div><\/div><div data-vc-full-width=\"true\" data-vc-full-width-temp=\"true\" data-vc-full-width-init=\"false\" class=\"vc_row wpb_row vc_row-fluid vc_custom_1473423784055 vc_row-has-fill\"><div class=\"wpb_column vc_column_container vc_col-sm-12\"><div class=\"vc_column-inner\"><div class=\"wpb_wrapper\">            <div class=\"stm-title stm-title_sep_bottom\" style=\"text-align:center;font-size:30px;line-height:42px;margin-bottom:49px;color:#000000\">\n        \n        Posez toutes vos questions au personnel du service des admissions\n                <\/div>\n            <div class=\"vc_row wpb_row vc_inner vc_row-fluid\"><div class=\"wpb_column vc_column_container vc_col-sm-8\"><div class=\"vc_column-inner vc_custom_1473423764932\"><div class=\"wpb_wrapper\">\n\t<div class=\"wpb_text_column wpb_content_element\" >\n\t\t<div class=\"wpb_wrapper\">\n\t\t\t<div id=\"quform-f69dff\" class=\"quform quform-1 quform-support-page-caching\"><form id=\"quform-form-f69dff\" class=\"quform-form quform-form-1\" action=\"\/fr\/wp-json\/wp\/v2\/pages\/2530#quform-f69dff\" method=\"post\" enctype=\"multipart\/form-data\" novalidate=\"novalidate\" data-options=\"{&quot;id&quot;:1,&quot;uniqueId&quot;:&quot;f69dff&quot;,&quot;theme&quot;:&quot;&quot;,&quot;ajax&quot;:true,&quot;logic&quot;:{&quot;logic&quot;:[],&quot;dependents&quot;:[],&quot;elementIds&quot;:[],&quot;dependentElementIds&quot;:[],&quot;animate&quot;:true},&quot;currentPageId&quot;:1,&quot;errorsIcon&quot;:&quot;&quot;,&quot;updateFancybox&quot;:true,&quot;hasPages&quot;:false,&quot;pages&quot;:[1],&quot;pageProgressType&quot;:&quot;numbers&quot;,&quot;tooltipsEnabled&quot;:true,&quot;tooltipClasses&quot;:&quot;qtip-quform-dark qtip-shadow&quot;,&quot;tooltipMy&quot;:&quot;left center&quot;,&quot;tooltipAt&quot;:&quot;right center&quot;,&quot;isRtl&quot;:false,&quot;scrollOffset&quot;:-50,&quot;scrollSpeed&quot;:800}\" data-trp-original-action=\"\/fr\/wp-json\/wp\/v2\/pages\/2530#quform-f69dff\"><button class=\"quform-default-submit\" name=\"quform_submit\" type=\"submit\" value=\"submit\" aria-hidden=\"true\" tabindex=\"-1\"><\/button><div class=\"quform-form-inner quform-form-inner-1\"><input type=\"hidden\" name=\"quform_form_id\" value=\"1\" \/><input type=\"hidden\" name=\"quform_form_uid\" value=\"f69dff\" \/><input type=\"hidden\" name=\"quform_count\" value=\"1\" \/><input type=\"hidden\" name=\"form_url\" value=\"https:\/\/moliere-eg.com\/fr\/wp-json\/wp\/v2\/pages\/2530\" \/><input type=\"hidden\" name=\"referring_url\" value=\"\" \/><input type=\"hidden\" name=\"post_id\" value=\"\" \/><input type=\"hidden\" name=\"post_title\" value=\"\" \/><input type=\"hidden\" name=\"quform_current_page_id\" value=\"1\" \/><input type=\"hidden\" name=\"quform_csrf_token\" value=\"YSR2FqjjeTHsBv5s47ZKvXsqP7ibeuJ8sAXG5W4b\" \/><div class=\"quform-elements quform-elements-1 quform-cf quform-responsive-elements-phone-landscape\"><div class=\"quform-element quform-element-page quform-page-1 quform-page-1_1 quform-cf quform-group-style-plain quform-first-page quform-last-page quform-current-page\"><div class=\"quform-child-elements\"><div class=\"quform-element quform-element-row quform-element-row-1_12 quform-2-columns quform-element-row-size-fixed quform-responsive-columns-phone-landscape\"><div class=\"quform-element quform-element-column quform-element-1_13\"><div class=\"quform-element quform-element-text quform-element-1_3 quform-cf quform-element-required\"><div class=\"quform-spacer\"><div class=\"quform-inner quform-inner-text quform-inner-1_3\"><div class=\"quform-input quform-input-text quform-input-1_3 quform-cf\"><input type=\"text\" id=\"quform_1_3_f69dff\" name=\"quform_1_3\" class=\"quform-field quform-field-text quform-field-1_3\" placeholder=\"Nom de l\u2019enfant\" \/><\/div><\/div><\/div><\/div><\/div><div class=\"quform-element quform-element-column quform-element-1_14\"><div class=\"quform-element quform-element-date quform-element-1_11 quform-cf quform-element-required\"><div class=\"quform-spacer\"><div class=\"quform-inner quform-inner-date quform-inner-1_11\"><div class=\"quform-input quform-input-date quform-input-1_11 quform-cf quform-has-field-icon-right\"><input type=\"text\" id=\"quform_1_11_f69dff\" name=\"quform_1_11\" class=\"quform-field quform-field-date quform-field-1_11\" placeholder=\"YYYY-MM-DD\" data-options=\"{&quot;format&quot;:&quot;&quot;,&quot;min&quot;:&quot;&quot;,&quot;max&quot;:&quot;&quot;,&quot;start&quot;:&quot;month&quot;,&quot;depth&quot;:&quot;month&quot;,&quot;showFooter&quot;:false,&quot;locale&quot;:&quot;en-US&quot;,&quot;placeholder&quot;:&quot;Date of birth&quot;,&quot;autoOpen&quot;:true,&quot;identifier&quot;:&quot;1_11&quot;}\" \/><span class=\"quform-field-icon quform-field-icon-right\"><i class=\"qicon-calendar\"><\/i><\/span><\/div><\/div><\/div><\/div><\/div><\/div><div class=\"quform-element quform-element-row quform-element-row-1_15 quform-2-columns quform-element-row-size-fixed quform-responsive-columns-phone-landscape\"><div class=\"quform-element quform-element-column quform-element-1_16\"><div class=\"quform-element quform-element-text quform-element-1_4 quform-cf quform-element-required\"><div class=\"quform-spacer\"><div class=\"quform-inner quform-inner-text quform-inner-1_4\"><div class=\"quform-input quform-input-text quform-input-1_4 quform-cf\"><input type=\"text\" id=\"quform_1_4_f69dff\" name=\"quform_1_4\" class=\"quform-field quform-field-text quform-field-1_4\" placeholder=\"Nom du p\u00e8re\" \/><\/div><\/div><\/div><\/div><\/div><div class=\"quform-element quform-element-column quform-element-1_17\"><div class=\"quform-element quform-element-text quform-element-1_6 quform-cf quform-element-optional\"><div class=\"quform-spacer\"><div class=\"quform-inner quform-inner-text quform-inner-1_6\"><div class=\"quform-input quform-input-text quform-input-1_6 quform-cf\"><input type=\"text\" id=\"quform_1_6_f69dff\" name=\"quform_1_6\" class=\"quform-field quform-field-text quform-field-1_6\" placeholder=\"Nom de la m\u00e8re\" \/><\/div><\/div><\/div><\/div><\/div><\/div><div class=\"quform-element quform-element-row quform-element-row-1_18 quform-2-columns quform-element-row-size-fixed quform-responsive-columns-phone-landscape\"><div class=\"quform-element quform-element-column quform-element-1_19\"><div class=\"quform-element quform-element-text quform-element-1_8 quform-cf quform-element-required\"><div class=\"quform-spacer\"><div class=\"quform-inner quform-inner-text quform-inner-1_8\"><div class=\"quform-input quform-input-text quform-input-1_8 quform-cf\"><input type=\"text\" id=\"quform_1_8_f69dff\" name=\"quform_1_8\" class=\"quform-field quform-field-text quform-field-1_8\" placeholder=\"Num\u00e9ro de t\u00e9l\u00e9phone\" \/><\/div><\/div><\/div><\/div><\/div><div class=\"quform-element quform-element-column quform-element-1_20\"><div class=\"quform-element quform-element-email quform-element-1_7 quform-cf quform-element-required\"><div class=\"quform-spacer\"><div class=\"quform-inner quform-inner-email quform-inner-1_7\"><div class=\"quform-input quform-input-email quform-input-1_7 quform-cf\"><input type=\"email\" id=\"quform_1_7_f69dff\" name=\"quform_1_7\" class=\"quform-field quform-field-email quform-field-1_7\" placeholder=\"Courriel\" \/><\/div><\/div><\/div><\/div><\/div><\/div><div class=\"quform-element quform-element-row quform-element-row-1_22 quform-2-columns quform-element-row-size-fixed quform-responsive-columns-phone-landscape\"><div class=\"quform-element quform-element-column quform-element-1_23\"><div class=\"quform-element quform-element-text quform-element-1_5 quform-cf quform-element-optional\"><div class=\"quform-spacer\"><div class=\"quform-inner quform-inner-text quform-inner-1_5\"><div class=\"quform-input quform-input-text quform-input-1_5 quform-cf\"><input type=\"text\" id=\"quform_1_5_f69dff\" name=\"quform_1_5\" class=\"quform-field quform-field-text quform-field-1_5\" placeholder=\"Classe\" \/><\/div><\/div><\/div><\/div><\/div><div class=\"quform-element quform-element-column quform-element-1_24\"><div class=\"quform-element quform-element-select quform-element-1_10 quform-cf quform-element-optional\"><div class=\"quform-spacer\"><div class=\"quform-inner quform-inner-select quform-inner-1_10\"><div class=\"quform-input quform-input-select quform-input-1_10 quform-cf\"><select id=\"quform_1_10_f69dff\" name=\"quform_1_10\" class=\"quform-field quform-field-select quform-field-1_10\"><option value=\"\" selected=\"selected\">Veuillez s\u00e9lectionner<\/option><option value=\"Bolkly\">Bolkly<\/option><option value=\"Glim\">Glim<\/option><option value=\"Miami\">Miami<\/option><option value=\"Roshdy\">Roshdy<\/option><option value=\"San Stefano\">San Stefano<\/option><option value=\"Smouha\">Smouha<\/option><option value=\"Stanley\">Stanley<\/option><option value=\"Other\">Other<\/option><\/select><\/div><label id=\"quform_1_10_f69dff_sub_label_below\" class=\"quform-sub-label quform-sub-label-below\">District<\/label><\/div><\/div><\/div><\/div><\/div><div class=\"quform-element quform-element-select quform-element-1_25 quform-cf quform-element-optional\"><div class=\"quform-spacer\"><div class=\"quform-inner quform-inner-select quform-inner-1_25\"><div class=\"quform-input quform-input-select quform-input-1_25 quform-cf\"><select id=\"quform_1_25_f69dff\" name=\"quform_1_25\" class=\"quform-field quform-field-select quform-field-1_25\"><option value=\"\" selected=\"selected\">Veuillez s\u00e9lectionner<\/option><option value=\"KSA \">KSA <\/option><option value=\"AUE\">AUE<\/option><option value=\"Kuwait\">Kuwait<\/option><option value=\"Qatar\">Qatar<\/option><option value=\" Libya\"> Libya<\/option><option value=\"OTHER\">OTHER<\/option><\/select><\/div><\/div><\/div><\/div><div class=\"quform-element quform-element-submit quform-element-1_2 quform-cf quform-button-style-theme\"><div class=\"quform-button-submit quform-button-submit-default quform-button-submit-1_2\"><button name=\"quform_submit\" type=\"submit\" class=\"quform-submit\" value=\"submit\"><span class=\"quform-button-text quform-button-submit-text\">Soumettre<\/span><\/button><\/div><div class=\"quform-loading quform-loading-position-left quform-loading-type-spinner-1\"><div class=\"quform-loading-inner\"><div class=\"quform-loading-spinner\"><div class=\"quform-loading-spinner-inner\"><\/div><\/div><\/div><\/div><\/div><div class=\"quform-element-tree\"><label for=\"quform_1_0_f69dff\">Ce champ devrait \u00eatre laiss\u00e9 vide<\/label><input type=\"text\" id=\"quform_1_0_f69dff\" name=\"quform_1_0\" class=\"quform-field quform-field-tree quform-field-1_0\" tabindex=\"-1\" autocomplete=\"off\" \/><\/div><\/div><\/div><\/div><\/div><input type=\"hidden\" name=\"trp-form-language\" value=\"fr\"\/><\/form><\/div>\n\n\t\t<\/div>\n\t<\/div>\n<\/div><\/div><\/div><div class=\"wpb_column vc_column_container vc_col-sm-4\"><div class=\"vc_column-inner\"><div class=\"wpb_wrapper\"><\/div><\/div><\/div><\/div><\/div><\/div><\/div><\/div><div class=\"vc_row-full-width vc_clearfix\"><\/div><div data-vc-full-width=\"true\" data-vc-full-width-temp=\"true\" data-vc-full-width-init=\"false\" class=\"vc_row wpb_row vc_row-fluid vc_custom_1469697216174 vc_row-has-fill\"><div class=\"wpb_column vc_column_container vc_col-sm-12\"><div class=\"vc_column-inner\"><div class=\"wpb_wrapper\">            <h2 class=\"stm-title stm-title_sep_bottom\" style=\"text-align:left;margin-bottom:43px;color:#ac1309\">\n        \n        Programmes scolaires\n                <\/h2>\n            <div class=\"vc_row wpb_row vc_inner vc_row-fluid\"><div class=\"wpb_column vc_column_container vc_col-sm-3\"><div class=\"vc_column-inner\"><div class=\"wpb_wrapper\">\n<div class=\"stm-action-box\" style=\"text-align:left\">\n        <figure class=\"stm-action-box__figure\">\n                      <img decoding=\"async\" class=\"\" src=\"https:\/\/moliere-eg.com\/wp-content\/uploads\/2023\/09\/lm-media10-259x212.jpg\" width=\"259\" height=\"212\" alt=\"lm-media10\" title=\"lm-media10\" \/>                <figcaption class=\"stm-action-box__figcaption\">\n                            <div class=\"stm-action-box__figcaption_content\">\n\n                    <div class=\"stm-action-box__figcaption-title stm-font_color_white\" >\n                        <span class=\"stm-action-box__title-text\">MATERNELLE<\/span>\n                    <\/div>\n\n                                            <div class=\"stm-text-box__content\"><p>Lorem ipsum dolor sit amet, consectetur adipiscing elit. Fusce rutrum eros at ex ultricies<\/p>\n<\/div>\n                                                                <div class=\"stm-text-box__link_title\">Read more<\/div>\n                                    <\/div>\n                    <\/figcaption>\n                              <a class=\"stm-action-box__figcaption-link\" href=\"http:\/\/moliere-eg.com\/fr\/maternelle\/\" target=\"_self\"><\/a>\n                <\/figure>\n        <\/div>\n<\/div><\/div><\/div><div class=\"wpb_column vc_column_container vc_col-sm-3\"><div class=\"vc_column-inner\"><div class=\"wpb_wrapper\">\n<div class=\"stm-action-box\" style=\"text-align:left\">\n        <figure class=\"stm-action-box__figure\">\n                      <img loading=\"lazy\" decoding=\"async\" class=\"\" src=\"https:\/\/moliere-eg.com\/wp-content\/uploads\/2023\/09\/lm-media11-259x212.jpg\" width=\"259\" height=\"212\" alt=\"lm-media11\" title=\"lm-media11\" \/>                <figcaption class=\"stm-action-box__figcaption\">\n                            <div class=\"stm-action-box__figcaption_content\">\n\n                    <div class=\"stm-action-box__figcaption-title stm-font_color_white\" >\n                        <span class=\"stm-action-box__title-text\">\u00c9L\u00c9MENTAIRE<\/span>\n                    <\/div>\n\n                                            <div class=\"stm-text-box__content\"><p>Lorem ipsum dolor sit amet, consectetur adipiscing elit. Fusce rutrum eros at ex ultricies<\/p>\n<\/div>\n                                                                <div class=\"stm-text-box__link_title\">Read more<\/div>\n                                    <\/div>\n                    <\/figcaption>\n                              <a class=\"stm-action-box__figcaption-link\" href=\"http:\/\/moliere-eg.com\/fr\/elementaire\/\" target=\"_self\"><\/a>\n                <\/figure>\n        <\/div>\n<\/div><\/div><\/div><div class=\"wpb_column vc_column_container vc_col-sm-3\"><div class=\"vc_column-inner\"><div class=\"wpb_wrapper\">\n<div class=\"stm-action-box\" style=\"text-align:left\">\n        <figure class=\"stm-action-box__figure\">\n                      <img loading=\"lazy\" decoding=\"async\" class=\"\" src=\"https:\/\/moliere-eg.com\/wp-content\/uploads\/2023\/09\/lm-media12-259x212.jpg\" width=\"259\" height=\"212\" alt=\"lm-media12\" title=\"lm-media12\" \/>                <figcaption class=\"stm-action-box__figcaption\">\n                            <div class=\"stm-action-box__figcaption_content\">\n\n                    <div class=\"stm-action-box__figcaption-title stm-font_color_white\" >\n                        <span class=\"stm-action-box__title-text\">COLL\u00c9GE<\/span>\n                    <\/div>\n\n                                            <div class=\"stm-text-box__content\"><p>Christopher Kane is the 23rd president of Smart University, and the Chris Argyris<\/p>\n<\/div>\n                                                                <div class=\"stm-text-box__link_title\">Read more<\/div>\n                                    <\/div>\n                    <\/figcaption>\n                              <a class=\"stm-action-box__figcaption-link\" href=\"http:\/\/moliere-eg.com\/fr\/college\/\" target=\"_self\"><\/a>\n                <\/figure>\n        <\/div>\n<\/div><\/div><\/div><div class=\"wpb_column vc_column_container vc_col-sm-3\"><div class=\"vc_column-inner\"><div class=\"wpb_wrapper\">\n<div class=\"stm-action-box\" style=\"text-align:left\">\n        <figure class=\"stm-action-box__figure\">\n                      <img loading=\"lazy\" decoding=\"async\" class=\"\" src=\"https:\/\/moliere-eg.com\/wp-content\/uploads\/2023\/09\/lm-media09-259x212.jpg\" width=\"259\" height=\"212\" alt=\"lm-media09\" title=\"lm-media09\" \/>                <figcaption class=\"stm-action-box__figcaption\">\n                            <div class=\"stm-action-box__figcaption_content\">\n\n                    <div class=\"stm-action-box__figcaption-title stm-font_color_white\" >\n                        <span class=\"stm-action-box__title-text\">LYC\u00c9E<\/span>\n                    <\/div>\n\n                                            <div class=\"stm-text-box__content\"><p>Christopher Kane is the 23rd president of Smart University, and the Chris Argyris<\/p>\n<\/div>\n                                                                <div class=\"stm-text-box__link_title\">Read more<\/div>\n                                    <\/div>\n                    <\/figcaption>\n                              <a class=\"stm-action-box__figcaption-link\" href=\"http:\/\/moliere-eg.com\/fr\/lycee\/\" target=\"_self\"><\/a>\n                <\/figure>\n        <\/div>\n<\/div><\/div><\/div><\/div><\/div><\/div><\/div><\/div><div class=\"vc_row-full-width vc_clearfix\"><\/div>\n<\/div>","protected":false},"excerpt":{"rendered":"How to enroll at the Lyc\u00e9e Moli\u00e8re 1. Making contact : Interested parents should first contact the school for information on enrolment procedures, tuition fees and available places. This can be done online or in person, depending on the family's situation. 2. Application for admission : Parents must submit an application for admission to the [...]","protected":false},"author":2,"featured_media":0,"parent":0,"menu_order":0,"comment_status":"closed","ping_status":"closed","template":"","meta":{"footnotes":""},"class_list":["post-2530","page","type-page","status-publish","hentry"],"_links":{"self":[{"href":"https:\/\/moliere-eg.com\/fr\/wp-json\/wp\/v2\/pages\/2530","targetHints":{"allow":["GET"]}}],"collection":[{"href":"https:\/\/moliere-eg.com\/fr\/wp-json\/wp\/v2\/pages"}],"about":[{"href":"https:\/\/moliere-eg.com\/fr\/wp-json\/wp\/v2\/types\/page"}],"author":[{"embeddable":true,"href":"https:\/\/moliere-eg.com\/fr\/wp-json\/wp\/v2\/users\/2"}],"replies":[{"embeddable":true,"href":"https:\/\/moliere-eg.com\/fr\/wp-json\/wp\/v2\/comments?post=2530"}],"version-history":[{"count":37,"href":"https:\/\/moliere-eg.com\/fr\/wp-json\/wp\/v2\/pages\/2530\/revisions"}],"predecessor-version":[{"id":3326,"href":"https:\/\/moliere-eg.com\/fr\/wp-json\/wp\/v2\/pages\/2530\/revisions\/3326"}],"wp:attachment":[{"href":"https:\/\/moliere-eg.com\/fr\/wp-json\/wp\/v2\/media?parent=2530"}],"curies":[{"name":"wp","href":"https:\/\/api.w.org\/{rel}","templated":true}]}}