{"id":1762,"date":"2016-09-05T13:57:26","date_gmt":"2016-09-05T10:57:26","guid":{"rendered":"http:\/\/smartyschool.stylemixthemes.com\/?page_id=1762"},"modified":"2023-11-20T13:34:33","modified_gmt":"2023-11-20T11:34:33","slug":"history","status":"publish","type":"page","link":"https:\/\/moliere-eg.com\/fr\/about\/history\/","title":{"rendered":"L'histoire"},"content":{"rendered":"<div class=\"wpb-content-wrapper\"><div class=\"vc_row wpb_row vc_row-fluid\"><div class=\"wpb_column vc_column_container vc_col-sm-12\"><div class=\"vc_column-inner\"><div class=\"wpb_wrapper\"><div class=\"vc_row wpb_row vc_inner vc_row-fluid vc_custom_1473074841643\"><div class=\"wpb_column vc_column_container vc_col-sm-8\"><div class=\"vc_column-inner\"><div class=\"wpb_wrapper\">\n\t<div class=\"wpb_text_column wpb_content_element vc_custom_1700480042603\" >\n\t\t<div class=\"wpb_wrapper\">\n\t\t\t<h2>He who does not know where he comes from cannot know where he is going.<\/h2>\n<p>Apr\u00e8s environ 30 ans pass\u00e9s dans le domaine de l'\u00e9ducation, \u00e0 d\u00e9velopper, g\u00e9rer et faire cro\u00eetre des \u00e9coles, Mme Madiha El Odessy a fond\u00e9 les \u00c9coles internationales d'\u00c9gypte (ISE). Fond\u00e9e en 2005, dans la ville m\u00e9diterran\u00e9enne d'Alexandrie, l'ISE a \u00e9t\u00e9 construite sur un terrain d'environ 5 000 m\u00b2 et une surface utile de 4 800 m\u00b2, dans le but d'offrir aux enfants d'Alexandrie une exp\u00e9rience \u00e9ducative de haute qualit\u00e9 et personnalis\u00e9e, dans ce qui \u00e9tait \u00e0 l'\u00e9poque d\u00e9crit comme une \"\u00e9cole-boutique\".<\/p>\n<p>ISE est la soci\u00e9t\u00e9 propri\u00e9taire et gestionnaire du Lyc\u00e9e Moli\u00e8re et de l'International British School of Alexandria (IBSA). Les deux \u00e9coles partagent un campus, ce qui a \u00e9t\u00e9 con\u00e7u pour encourager l'exposition interculturelle et enrichir l'\u00e9ducation des \u00e9tudiants. Chaque \u00e9cole a une capacit\u00e9 maximale de 400 \u00e9tudiants, et une taille de classe maximale de 18 \u00e9tudiants, avec un ratio de 7 \u00e0 9 \u00e9tudiants par enseignant ou co-enseignant.<\/p>\n<p>L'\u00e9cole britannique internationale d'Alexandrie suit le programme national britannique de la premi\u00e8re \u00e0 la derni\u00e8re ann\u00e9e d'\u00e9tudes et propose un programme d'\u00e9tudes sup\u00e9rieures IGCSE. Le Lyc\u00e9e Moli\u00e8re propose le syst\u00e8me d'enseignement fran\u00e7ais du BAC et est une \u00e9cole partenaire de la MLF en cours d'accr\u00e9ditation.<\/p>\n\n\t\t<\/div>\n\t<\/div>\n<\/div><\/div><\/div><div class=\"wpb_column vc_column_container vc_col-sm-4\"><div class=\"vc_column-inner\"><div class=\"wpb_wrapper\">\n<div class=\"stm-single-image-wrapper vc_custom_1473073631310  stm-single-image_left\">\n\t\t<div class=\"stm-single-image stm-single-image_responsive\"><img fetchpriority=\"high\" decoding=\"async\" class=\"\" src=\"https:\/\/moliere-eg.com\/wp-content\/uploads\/2016\/05\/placeholder-1-255x385.gif\" width=\"255\" height=\"385\" alt=\"placeholder\" title=\"placeholder\" \/><\/div>\n<\/div>\n<\/div><\/div><\/div><\/div><\/div><\/div><\/div><\/div><div class=\"vc_row wpb_row vc_row-fluid\"><div class=\"wpb_column vc_column_container vc_col-sm-12 vc_hidden-xs\"><div class=\"vc_column-inner\"><div class=\"wpb_wrapper\">            <div class=\"stm-title stm-title_sep_bottom\" style=\"text-align:left;font-size:30px;line-height:54px;margin-bottom:15px;color:#000000\">\n        \n        Chronologie de l'histoire du Lyc\u00e9e Moli\u00e8re\n                <\/div>\n            \n<div class=\"stm-timeline__nav-bar\">\n\t<div class=\"stm-timeline__steps\">\n\t\t<ul class=\"stm-timeline__steps-list\">\n\t\t\t<li class=\"stm-timeline__steps-progress\"><\/li>\n\t\t<\/ul>\n\t<\/div>\n\t<div class=\"stm-timeline__nav\"><\/div>\n<\/div>\n\n<div class=\"stm-timeline\" id=\"stm-timeline-69d145ab33401\">\n\n\t<div class=\"stm-timeline-images-carousel\">\n\t\t\n<div class=\"stm-timeline__image\" data-hash=\"2006\">\n\t\t\t\t\t<img decoding=\"async\" class=\"\" src=\"https:\/\/moliere-eg.com\/wp-content\/uploads\/2023\/11\/history.jpg\" width=\"635\" height=\"450\" alt=\"history\" title=\"history\" \/>\t\n\t<div class=\"stm-timeline__caption\" data-hash=\"2006\">\n\t\t<div class=\"stm-timeline__caption-inner\">\n\t\t\t\t\t\t\t<h2 class=\"stm-timeline__caption-title\">2006<\/h2>\n\t\t\t\n\t\t\t\t\t\t\t<div class=\"stm-timeline__caption-text\"><p><span style=\"display: block; line-height: 30px; font-family: 'Work Sans', sans-serif; font-size: 15px;\">The Smart campus is transformed into a military training center, and laboratories are used to conduct research in support of the war effort. Captain John Simons and his band\u2019s weekly broadcasts from Bromley Hall are heard by citizens and troops around the world.<\/span><\/p>\n<\/div>\n\t\t\t\t\t<\/div>\n\t<\/div>\n<\/div>\n\n<div class=\"stm-timeline__image\" data-hash=\"2007\">\n\t\t\t\t\t<img decoding=\"async\" class=\"\" src=\"https:\/\/moliere-eg.com\/wp-content\/uploads\/2023\/11\/history11.jpg\" width=\"635\" height=\"450\" alt=\"history11\" title=\"history11\" \/>\t\n\t<div class=\"stm-timeline__caption\" data-hash=\"2007\">\n\t\t<div class=\"stm-timeline__caption-inner\">\n\t\t\t\t\t\t\t<h2 class=\"stm-timeline__caption-title\">2007<\/h2>\n\t\t\t\n\t\t\t\t\t\t\t<div class=\"stm-timeline__caption-text\"><p><span style=\"display: block; line-height: 30px; font-family: 'Work Sans', sans-serif; font-size: 15px;\">The Smart campus is transformed into a military training center, and laboratories are used to conduct research in support of the war effort. Captain John Simons and his band\u2019s weekly broadcasts from Bromley Hall are heard by citizens and troops around the world.<\/span><\/p>\n<\/div>\n\t\t\t\t\t<\/div>\n\t<\/div>\n<\/div>\n\n<div class=\"stm-timeline__image\" data-hash=\"2008\">\n\t\t\t\t\t<img loading=\"lazy\" decoding=\"async\" class=\"\" src=\"https:\/\/moliere-eg.com\/wp-content\/uploads\/2023\/11\/history5.jpg\" width=\"635\" height=\"450\" alt=\"history5\" title=\"history5\" \/>\t\n\t<div class=\"stm-timeline__caption\" data-hash=\"2008\">\n\t\t<div class=\"stm-timeline__caption-inner\">\n\t\t\t\t\t\t\t<h2 class=\"stm-timeline__caption-title\">2008<\/h2>\n\t\t\t\n\t\t\t\t\t\t\t<div class=\"stm-timeline__caption-text\"><p><span style=\"display: block; line-height: 30px; font-family: 'Work Sans', sans-serif; font-size: 15px;\">The Smart campus is transformed into a military training center, and laboratories are used to conduct research in support of the war effort. Captain John Simons and his band\u2019s weekly broadcasts from Bromley Hall are heard by citizens and troops around the world.<\/span><\/p>\n<\/div>\n\t\t\t\t\t<\/div>\n\t<\/div>\n<\/div>\n\n<div class=\"stm-timeline__image\" data-hash=\"2009\">\n\t\t\t\t\t<img loading=\"lazy\" decoding=\"async\" class=\"\" src=\"https:\/\/moliere-eg.com\/wp-content\/uploads\/2023\/11\/history7.jpg\" width=\"635\" height=\"450\" alt=\"history7\" title=\"history7\" \/>\t\n\t<div class=\"stm-timeline__caption\" data-hash=\"2009\">\n\t\t<div class=\"stm-timeline__caption-inner\">\n\t\t\t\t\t\t\t<h2 class=\"stm-timeline__caption-title\">2009<\/h2>\n\t\t\t\n\t\t\t\t\t\t\t<div class=\"stm-timeline__caption-text\"><p><span style=\"display: block; line-height: 30px; font-family: 'Work Sans', sans-serif; font-size: 15px;\">The Smart campus is transformed into a military training center, and laboratories are used to conduct research in support of the war effort. Captain John Simons and his band\u2019s weekly broadcasts from Bromley Hall are heard by citizens and troops around the world.<\/span><\/p>\n<\/div>\n\t\t\t\t\t<\/div>\n\t<\/div>\n<\/div>\n\n<div class=\"stm-timeline__image\" data-hash=\"2010\">\n\t\t\t\t\t<img loading=\"lazy\" decoding=\"async\" class=\"\" src=\"https:\/\/moliere-eg.com\/wp-content\/uploads\/2023\/11\/history10.jpg\" width=\"635\" height=\"450\" alt=\"history10\" title=\"history10\" \/>\t\n\t<div class=\"stm-timeline__caption\" data-hash=\"2010\">\n\t\t<div class=\"stm-timeline__caption-inner\">\n\t\t\t\t\t\t\t<h2 class=\"stm-timeline__caption-title\">2010<\/h2>\n\t\t\t\n\t\t\t\t\t\t\t<div class=\"stm-timeline__caption-text\"><p><span style=\"display: block; line-height: 30px; font-family: 'Work Sans', sans-serif; font-size: 15px;\">The Smart campus is transformed into a military training center, and laboratories are used to conduct research in support of the war effort. Captain John Simons and his band\u2019s weekly broadcasts from Bromley Hall are heard by citizens and troops around the world.<\/span><\/p>\n<\/div>\n\t\t\t\t\t<\/div>\n\t<\/div>\n<\/div>\n\n<div class=\"stm-timeline__image\" data-hash=\"2011\">\n\t\t\t\t\t<img loading=\"lazy\" decoding=\"async\" class=\"\" src=\"https:\/\/moliere-eg.com\/wp-content\/uploads\/2023\/11\/history6.jpg\" width=\"635\" height=\"450\" alt=\"history6\" title=\"history6\" \/>\t\n\t<div class=\"stm-timeline__caption\" data-hash=\"2011\">\n\t\t<div class=\"stm-timeline__caption-inner\">\n\t\t\t\t\t\t\t<h2 class=\"stm-timeline__caption-title\">2011<\/h2>\n\t\t\t\n\t\t\t\t\t\t\t<div class=\"stm-timeline__caption-text\"><p><span style=\"display: block; line-height: 30px; font-family: 'Work Sans', sans-serif; font-size: 15px;\">The Smart campus is transformed into a military training center, and laboratories are used to conduct research in support of the war effort. Captain John Simons and his band\u2019s weekly broadcasts from Bromley Hall are heard by citizens and troops around the world.<\/span><\/p>\n<\/div>\n\t\t\t\t\t<\/div>\n\t<\/div>\n<\/div>\n\n<div class=\"stm-timeline__image\" data-hash=\"2012\">\n\t\t\t\t\t<img loading=\"lazy\" decoding=\"async\" class=\"\" src=\"https:\/\/moliere-eg.com\/wp-content\/uploads\/2023\/11\/history8.jpg\" width=\"635\" height=\"450\" alt=\"history8\" title=\"history8\" \/>\t\n\t<div class=\"stm-timeline__caption\" data-hash=\"2012\">\n\t\t<div class=\"stm-timeline__caption-inner\">\n\t\t\t\t\t\t\t<h2 class=\"stm-timeline__caption-title\">2012<\/h2>\n\t\t\t\n\t\t\t\t\t\t\t<div class=\"stm-timeline__caption-text\"><p><span style=\"display: block; line-height: 30px; font-family: 'Work Sans', sans-serif; font-size: 15px;\">The Smart campus is transformed into a military training center, and laboratories are used to conduct research in support of the war effort. Captain John Simons and his band\u2019s weekly broadcasts from Bromley Hall are heard by citizens and troops around the world.<\/span><\/p>\n<\/div>\n\t\t\t\t\t<\/div>\n\t<\/div>\n<\/div>\n\n<div class=\"stm-timeline__image\" data-hash=\"2013\">\n\t\t\t\t\t<img loading=\"lazy\" decoding=\"async\" class=\"\" src=\"https:\/\/moliere-eg.com\/wp-content\/uploads\/2023\/11\/history2.jpg\" width=\"635\" height=\"450\" alt=\"history2\" title=\"history2\" \/>\t\n\t<div class=\"stm-timeline__caption\" data-hash=\"2013\">\n\t\t<div class=\"stm-timeline__caption-inner\">\n\t\t\t\t\t\t\t<h2 class=\"stm-timeline__caption-title\">2013<\/h2>\n\t\t\t\n\t\t\t\t\t\t\t<div class=\"stm-timeline__caption-text\"><p><span style=\"display: block; line-height: 30px; font-family: 'Work Sans', sans-serif; font-size: 15px;\">The Smart campus is transformed into a military training center, and laboratories are used to conduct research in support of the war effort. Captain John Simons and his band\u2019s weekly broadcasts from Bromley Hall are heard by citizens and troops around the world.<\/span><\/p>\n<\/div>\n\t\t\t\t\t<\/div>\n\t<\/div>\n<\/div>\n\t<\/div>\n\n\t<div class=\"stm-timeline-captions-carousel\"><\/div>\n\n<\/div>\n<script>\n\t(function($) {\n\t\t\"use strict\";\n\n\t\tvar sliderId = 'stm-timeline-69d145ab33401';\n\n\t\t$(document).ready(function() {\n\t\t\t$( \"#\" + sliderId + \" .stm-timeline-images-carousel\" ).owlCarousel({\n\t\t\t\tnav:true,\n\t\t\t\tdots:false,\n\t\t\t\titems: 1,\n\t\t\t\tnavText:['<i class=\"fa fa-chevron-left\"><\/i>', '<i class=\"fa fa-chevron-right\"><\/i>'],\n\t\t\t\tsmartSpeed: 450,\n\t\t\t\tnavContainer: '.stm-timeline__nav',\n\t\t\t\tURLhashListener:true,\n\t\t\t\tautoplayHoverPause:true,\n\t\t\t\tstartPosition: 'URLHash'\n\t\t\t});\n\n\t\t\t$( \"#\" + sliderId + \" .stm-timeline-captions-carousel\" ).owlCarousel({\n\t\t\t\tdots:false,\n\t\t\t\titems: 1,\n\t\t\t\tanimateIn: 'fadeIn',\n\t\t\t\tmouseDrag: false,\n\t\t\t\tURLhashListener:true\n\t\t\t});\n\n\t\t\t$( \"#\" + sliderId + \" .stm-timeline-images-carousel\" ).on(\"translated.owl.carousel\", function(event) {\n\t\t\t\t$(\"#\" + sliderId + \" .stm-timeline-captions-carousel\").trigger('to.owl.carousel', [event.item.index, 300, true]);\n\n\t\t\t\t$(\".stm-timeline__step\").eq(event.item.index).find(\"a\").trigger(\"click\");\n\t\t\t});\n\t\t});\n\n\t\t$( \"#\" + sliderId + \" .stm-timeline-images-carousel\" ).find(\".stm-timeline__image\").each(function() {\n\t\t\tvar itemHash = $(this).data(\"hash\");\n\n\t\t\t$(\".stm-timeline__steps-list\").append('<li class=\"stm-timeline__step\"><a href=\"#'+ itemHash +'\">'+ itemHash +'<\/a><\/li>');\n\t\t});\n\n\t\t$(document).on(\"click\", \".stm-timeline__step a\", function() {\n\t\t\tvar stepEl = $(this).parent(),\n\t\t\t\tprogressLineWidth = stepEl.position().left;\n\n\t\t\tstepEl.addClass(\"active\").siblings().removeClass(\"active\");\n\n\t\t\t$(\".stm-timeline__steps-progress\").width( progressLineWidth + \"px\" );\n\t\t});\n\n\t\t$(\"#\" + sliderId + \" .stm-timeline-images-carousel .stm-timeline__image\").each(function() {\n\t\t\t$(this).find(\".stm-timeline__caption\").clone().appendTo($(\".stm-timeline-captions-carousel\"));\n\t\t\t$(this).find(\".stm-timeline__caption\").remove();\n\t\t});\n\n\t})(jQuery);\n<\/script><\/div><\/div><\/div><\/div>\n<\/div>","protected":false},"excerpt":{"rendered":"He who does not know where he comes from cannot know where he is going. After approximately 30 years in the field of education, developing, managing and growing schools, Mrs. Madiha El Odessy founded the International Schools of Egypt (ISE). Founded in 2005, in the mediterranean city of Alexandria, ISE was built on an approximately [...]","protected":false},"author":2,"featured_media":0,"parent":506,"menu_order":0,"comment_status":"closed","ping_status":"closed","template":"","meta":{"footnotes":""},"class_list":["post-1762","page","type-page","status-publish","hentry"],"_links":{"self":[{"href":"https:\/\/moliere-eg.com\/fr\/wp-json\/wp\/v2\/pages\/1762","targetHints":{"allow":["GET"]}}],"collection":[{"href":"https:\/\/moliere-eg.com\/fr\/wp-json\/wp\/v2\/pages"}],"about":[{"href":"https:\/\/moliere-eg.com\/fr\/wp-json\/wp\/v2\/types\/page"}],"author":[{"embeddable":true,"href":"https:\/\/moliere-eg.com\/fr\/wp-json\/wp\/v2\/users\/2"}],"replies":[{"embeddable":true,"href":"https:\/\/moliere-eg.com\/fr\/wp-json\/wp\/v2\/comments?post=1762"}],"version-history":[{"count":9,"href":"https:\/\/moliere-eg.com\/fr\/wp-json\/wp\/v2\/pages\/1762\/revisions"}],"predecessor-version":[{"id":2825,"href":"https:\/\/moliere-eg.com\/fr\/wp-json\/wp\/v2\/pages\/1762\/revisions\/2825"}],"up":[{"embeddable":true,"href":"https:\/\/moliere-eg.com\/fr\/wp-json\/wp\/v2\/pages\/506"}],"wp:attachment":[{"href":"https:\/\/moliere-eg.com\/fr\/wp-json\/wp\/v2\/media?parent=1762"}],"curies":[{"name":"wp","href":"https:\/\/api.w.org\/{rel}","templated":true}]}}