{"id":1291,"date":"2016-08-30T10:02:10","date_gmt":"2016-08-30T07:02:10","guid":{"rendered":"http:\/\/smartyschool.stylemixthemes.com\/?page_id=1291"},"modified":"2023-11-20T11:04:38","modified_gmt":"2023-11-20T09:04:38","slug":"multimedia","status":"publish","type":"page","link":"https:\/\/moliere-eg.com\/fr\/multimedia\/","title":{"rendered":"Multim\u00e9dia"},"content":{"rendered":"<div class=\"wpb-content-wrapper\"><div class=\"vc_row wpb_row vc_row-fluid vc_custom_1472565050699\"><div class=\"wpb_column vc_column_container vc_col-sm-12\"><div class=\"vc_column-inner\"><div class=\"wpb_wrapper\">            <div class=\"stm-title stm-title_sep_bottom\" style=\"text-align:center;font-size:36px;line-height:54px;margin-bottom:22px;color:#ac1408\">\n        \n        Multim\u00e9dia\n                <\/div>\n                        <div class=\"stm-title stm-title_sep_bottom\" style=\"text-align:center;font-size:20px;line-height:36px;margin-bottom:29px;color:#000000\">\n        \n        La vie \u00e0 Moli\u00e8re est captur\u00e9e chaque jour \u00e0 travers le multim\u00e9dia. Vous trouverez ci-dessous une petite s\u00e9lection de vid\u00e9os et de photographies.\n                <\/div>\n                <div class=\"wrap-title-box\">\n                    <div class=\"wrap-title stm-title stm-title_sep_bottom\" style=\"text-align:left;font-size:30px;line-height:42px;margin-bottom:38px;color:#000000\">\n                Vid\u00e9os en vedette            <\/div>\n        \n                                    <a href=\"\/fr\/multimedia\/gallery-masonry\/\" class=\"stm-more-link stm-title-more-link stm-font_color_dark-blue stm-font_sep_color_red\" style=\"font-size:14px\">Voir toutes les vid\u00e9os<\/a>\n                        <\/div>\n\n    <div class=\"clearfix\"><\/div>\n\n\n\n<!--Gallery Query One-->\n    <ul class=\"stm-media-list-one just-video\">\n        \n            \n            \n                \n                <li class=\"stm-media-list__item media-type-video post-1322 stm_media_gallery type-stm_media_gallery status-publish hentry\">\n                                                                        <a href=\"https:\/\/www.youtube.com\/watch?v=Gi0a0pQ9YBw&#038;t=1s&#038;ab_channel=ISEALEX?autoplay=1\" class=\"stm-media-gallery__item-fancybox fancybox.iframe\">\n                                <span class=\"stm-media-list-thumbnail\">\n                                    <img fetchpriority=\"high\" decoding=\"async\" class=\"\" src=\"https:\/\/moliere-eg.com\/wp-content\/uploads\/2023\/09\/IMG_6101-1000x656.jpeg\" width=\"1000\" height=\"656\" alt=\"IMG_6101\" title=\"IMG_6101\" \/>                                    <i class=\"fab fa-video-camera\" aria-hidden=\"true\"><\/i>\n                                <\/span>\n                                <span class=\"stm-media-list-content\">\n                                    <span class=\"stm-media-list-title\">Annual Athena Lecture: a silent aircraft Towards<\/span>\n                                                                            <span class=\"stm-media-list-desc\">You and your parents are welcome to visit Smart from 8:30 AM to 5:30 PM Monday through Saturday, except on public holidays and certain days throughout the year, which are noted on the calendar.<\/span>\n                                                                    <\/span>\n                            <\/a>\n                        \n                                    <\/li>\n\n            \n            <\/ul>\n    \n<!--Gallery Query Four-->\n    <ul class=\"stm-media-list just-video\">\n        \n            \n            \n                \n                <li class=\"stm-media-list__item media-type-video post-1322 stm_media_gallery type-stm_media_gallery status-publish hentry\">\n                    \n                                                    <a href=\"https:\/\/www.youtube.com\/watch?v=Gi0a0pQ9YBw&#038;t=1s&#038;ab_channel=ISEALEX?autoplay=1\" class=\"stm-media-gallery__item-fancybox fancybox.iframe\">\n                                <span class=\"stm-media-list-thumbnail\">\n                                    <img decoding=\"async\" class=\"\" src=\"https:\/\/moliere-eg.com\/wp-content\/uploads\/2023\/09\/IMG_6101-150x96.jpeg\" width=\"150\" height=\"96\" alt=\"IMG_6101\" title=\"IMG_6101\" \/>                                    <i class=\"fab fa-video-camera\" aria-hidden=\"true\"><\/i>\n                                <\/span>\n                                <span class=\"stm-media-list-content\">\n                                    <span class=\"stm-media-list-title\">Annual Athena Lecture: a silent aircraft Towards<\/span>\n                                <\/span>\n                            <\/a>\n                        \n                                    <\/li>\n\n            \n            <\/ul>\n    \n\n\n<!-- SCRIPT -->\n<script>\n    (function($) {\n        \"use strict\";\n\n        var carouselId = '#stm-carousel-69d135b1d320c',\n            carouselIdCopy = '#stm-copy-carousel-69d135b1d320d',\n            menuId = '#stm-menu-69d135b1d320b',\n            $carousel = $(carouselId);\n\n        \/\/ Init HoverDir\n        function initHoverDir() {\n            if ( $().hoverdir && $(\".stm-media-gallery__item\").length ) {\n                $( '.stm-media-gallery__item' ).each( function() {\n                    $(this).hoverdir({ hoverElem: '.stm-media-gallery__item-fancybox'});\n                } );\n            }\n        }\n\n        \/\/ Carousel - Filter\n        function smartyOwlFilter(smartyFilter) {\n            $carousel.trigger('destroy.owl.carousel');\n            $carousel.removeClass(\"owl-loaded\");\n            $carousel.find(\".owl-stage-outer\").remove();\n            $carousel.find(\".stm-carousel__item\").remove();\n\n            if( smartyFilter === 'all' ) {\n                $(carouselIdCopy + ' .stm-carousel__item').clone().appendTo($(carouselId));\n            } else {\n                $(carouselIdCopy + ' .stm-carousel__item.' + smartyFilter).clone().appendTo($(carouselId));\n            }\n\n            $carousel.owlCarousel({\n                dots: false,\n                lazyLoad: true,\n                responsive:{\n                    0 : {\n                        items : 1\n                    },\n                    480 : {\n                        items : 2\n                    },\n                    640 : {\n                        items : 3\n                    },\n                    768 : {\n                        items : 4\n                    },\n                    992 : {\n                        items : 5\n                    },\n                    1024 : {\n                        items : 6\n                    }\n                }\n            });\n\n            initHoverDir();\n        }\n\n        $( menuId +' .stm-menu__item-link' ).click(function(e) {\n            var galleryFilter = $(this).data('gallery-filter');\n\n            $( menuId +' .stm-menu__item' ).removeClass( 'stm-menu__item_active' );\n            $(this).parent().addClass('stm-menu__item_active');\n\n            smartyOwlFilter( galleryFilter );\n\n            e.preventDefault();\n        });\n\n        $(window).load(function() {\n            \/\/ Carousel\n            $carousel.owlCarousel({\n                dots: false,\n                lazyLoad: true,\n                responsive:{\n                    0 : {\n                        items : 1\n                    },\n                    480 : {\n                        items : 2\n                    },\n                    640 : {\n                        items : 3\n                    },\n                    768 : {\n                        items : 4\n                    },\n                    992 : {\n                        items : 5\n                    },\n                    1024 : {\n                        items : 6\n                    }\n                }\n            });\n\n            $(carouselId + ' .stm-carousel__item').clone().appendTo($(carouselIdCopy));\n\n            \/\/ HoverDir\n            initHoverDir();\n\n            \/\/ FancyBox\n            if( $(\".stm-media-gallery__item-fancybox\").length ) {\n                $(\".stm-media-gallery__item-fancybox\").fancybox({\n                    maxWidth : '70%',\n                    maxHeight : '70%',\n                    autoSize : false,\n                    padding: 0,\n                    closeClick: false,\n                    openEffect: 'none',\n                    closeEffect: 'none',\n                    beforeLoad: function() {\n                        if( $(this.element).attr(\"data-height\") ) {\n                            this.height = $(this.element).attr(\"data-height\");\n                        }\n                    }\n\n                });\n            }\n        });\n    })(jQuery);\n<\/script><\/div><\/div><\/div><\/div><div data-vc-full-width=\"true\" data-vc-full-width-temp=\"true\" data-vc-full-width-init=\"false\" class=\"vc_row wpb_row vc_row-fluid vc_custom_1472625740128 vc_row-has-fill\"><div class=\"wpb_column vc_column_container vc_col-sm-6\"><div class=\"vc_column-inner\"><div class=\"wpb_wrapper\">            <div class=\"stm-title stm-title_sep_bottom\" style=\"text-align:left;font-size:30px;line-height:42px;margin-bottom:16px;color:#000000\">\n        \n        Photos en vedette\n                <\/div>\n            \n\t<div class=\"wpb_text_column wpb_content_element vc_custom_1472620517637\" >\n\t\t<div class=\"wpb_wrapper\">\n\t\t\t<p><span style=\"font-family: 'Work Sans', sans-serif; font-size: 15px;\">A lot of you asked how they can share my email, so now you can. But still, we will keep it as closed as possible and won&#8217;t publish an photos before a week after our initial email to you.<\/span><\/p>\n\n\t\t<\/div>\n\t<\/div>\n\n<div class=\"vc_custom_1472620882640\">\n    <a href=\"\/fr\/multimedia\/gallery-masonry\/\" class=\"stm-more-link\">See all photos<\/a>\n<\/div>\n            <div class=\"vc_custom_1472620829396\">\n            <ul class=\"stm-media-list just-photo\">\n                \n                    \n                    \n                        \n                        <li class=\"stm-media-list__item media-type-image post-1323 stm_media_gallery type-stm_media_gallery status-publish hentry\">\n                            \n                                \n                                                                    <a href=\"https:\/\/moliere-eg.com\/wp-content\/uploads\/2023\/09\/IMG_3480.jpeg\" class=\"stm-media-gallery__item-fancybox\">\n                                        <span class=\"stm-media-list-thumbnail\">\n                                            <img decoding=\"async\" class=\"\" src=\"https:\/\/moliere-eg.com\/wp-content\/uploads\/2023\/09\/IMG_3480-340x220.jpeg\" width=\"340\" height=\"220\" alt=\"IMG_3480\" title=\"IMG_3480\" \/>                                            <i class=\"fab fa-camera\"><\/i>\n                                        <\/span>\n                                    <\/a>\n                                \n                                                    <\/li>\n\n                    \n                            <\/ul>\n                    <\/div>\n    \n\n<!-- SCRIPT -->\n<script>\n    (function($) {\n        \"use strict\";\n\n        var carouselId = '#stm-carousel-69d135b2065d8',\n            carouselIdCopy = '#stm-copy-carousel-69d135b2065d9',\n            menuId = '#stm-menu-69d135b2065d7',\n            $carousel = $(carouselId);\n\n        \/\/ Init HoverDir\n        function initHoverDir() {\n            if ( $().hoverdir && $(\".stm-media-gallery__item\").length ) {\n                $( '.stm-media-gallery__item' ).each( function() {\n                    $(this).hoverdir({ hoverElem: '.stm-media-gallery__item-fancybox'});\n                } );\n            }\n        }\n\n        \/\/ Carousel - Filter\n        function smartyOwlFilter(smartyFilter) {\n            $carousel.trigger('destroy.owl.carousel');\n            $carousel.removeClass(\"owl-loaded\");\n            $carousel.find(\".owl-stage-outer\").remove();\n            $carousel.find(\".stm-carousel__item\").remove();\n\n            if( smartyFilter === 'all' ) {\n                $(carouselIdCopy + ' .stm-carousel__item').clone().appendTo($(carouselId));\n            } else {\n                $(carouselIdCopy + ' .stm-carousel__item.' + smartyFilter).clone().appendTo($(carouselId));\n            }\n\n            $carousel.owlCarousel({\n                dots: false,\n                lazyLoad: true,\n                responsive:{\n                    0 : {\n                        items : 1\n                    },\n                    480 : {\n                        items : 2\n                    },\n                    640 : {\n                        items : 3\n                    },\n                    768 : {\n                        items : 4\n                    },\n                    992 : {\n                        items : 5\n                    },\n                    1024 : {\n                        items : 6\n                    }\n                }\n            });\n\n            initHoverDir();\n        }\n\n        $( menuId +' .stm-menu__item-link' ).click(function(e) {\n            var galleryFilter = $(this).data('gallery-filter');\n\n            $( menuId +' .stm-menu__item' ).removeClass( 'stm-menu__item_active' );\n            $(this).parent().addClass('stm-menu__item_active');\n\n            smartyOwlFilter( galleryFilter );\n\n            e.preventDefault();\n        });\n\n        $(window).load(function() {\n            \/\/ Carousel\n            $carousel.owlCarousel({\n                dots: false,\n                lazyLoad: true,\n                nav: true,\n                responsive:{\n                    0 : {\n                        items : 1\n                    }\n                }\n            });\n\n            $(carouselId + ' .stm-carousel__item').clone().appendTo($(carouselIdCopy));\n\n            \/\/ HoverDir\n            initHoverDir();\n\n            \/\/ FancyBox\n            if( $(\".stm-media-gallery__item-fancybox\").length ) {\n                $(\".stm-media-gallery__item-fancybox\").fancybox({\n                    maxWidth : '70%',\n                    maxHeight : '70%',\n                    autoSize : false,\n                    padding: 0,\n                    closeClick: false,\n                    openEffect: 'none',\n                    closeEffect: 'none',\n                    beforeLoad: function() {\n                        if( $(this.element).attr(\"data-height\") ) {\n                            this.height = $(this.element).attr(\"data-height\");\n                        }\n                    }\n\n                });\n            }\n        });\n    })(jQuery);\n<\/script><\/div><\/div><\/div><div class=\"wpb_column vc_column_container vc_col-sm-6\"><div class=\"vc_column-inner vc_custom_1472620914147\"><div class=\"wpb_wrapper\">\n            <div class=\"stm-media-gallery\">\n\n            <!-- Carousel -->\n            <div class=\"stm-carousel stm-carousel_centered stm-carousel_wide just-photo\" id=\"stm-carousel-69d135b206e47\">\n\n                \n                    \n                    \n                        \n                        <div class=\"stm-carousel__item stm-media-gallery__item media-type-image post-1323 stm_media_gallery type-stm_media_gallery status-publish hentry\" style=\"height:348px\">\n                            <img loading=\"lazy\" decoding=\"async\" class=\"\" src=\"https:\/\/moliere-eg.com\/wp-content\/uploads\/2023\/09\/IMG_3480-1000x696.jpeg\" width=\"1000\" height=\"696\" alt=\"IMG_3480\" title=\"IMG_3480\" \/>\n                            \n                                \n                                                                    <a href=\"https:\/\/moliere-eg.com\/wp-content\/uploads\/2023\/09\/IMG_3480.jpeg\" class=\"stm-media-gallery__item-fancybox\"><i class=\"stm-icon stm-icon-media-loupe\"><\/i><\/a>\n                                    <span class=\"stm-media-gallery__item-icon\"><i class=\"fab fa-camera\"><\/i><\/span>\n                                \n                                                    <\/div>\n\n                    \n                \n                \n            <\/div>\n        <\/div>\n\n        <div id=\"stm-copy-carousel-69d135b206e48\" class=\"hide\"><\/div>\n\n    \n\n<!-- SCRIPT -->\n<script>\n    (function($) {\n        \"use strict\";\n\n        var carouselId = '#stm-carousel-69d135b206e47',\n            carouselIdCopy = '#stm-copy-carousel-69d135b206e48',\n            menuId = '#stm-menu-69d135b206e46',\n            $carousel = $(carouselId);\n\n        \/\/ Init HoverDir\n        function initHoverDir() {\n            if ( $().hoverdir && $(\".stm-media-gallery__item\").length ) {\n                $( '.stm-media-gallery__item' ).each( function() {\n                    $(this).hoverdir({ hoverElem: '.stm-media-gallery__item-fancybox'});\n                } );\n            }\n        }\n\n        \/\/ Carousel - Filter\n        function smartyOwlFilter(smartyFilter) {\n            $carousel.trigger('destroy.owl.carousel');\n            $carousel.removeClass(\"owl-loaded\");\n            $carousel.find(\".owl-stage-outer\").remove();\n            $carousel.find(\".stm-carousel__item\").remove();\n\n            if( smartyFilter === 'all' ) {\n                $(carouselIdCopy + ' .stm-carousel__item').clone().appendTo($(carouselId));\n            } else {\n                $(carouselIdCopy + ' .stm-carousel__item.' + smartyFilter).clone().appendTo($(carouselId));\n            }\n\n            $carousel.owlCarousel({\n                dots: false,\n                lazyLoad: true,\n                responsive:{\n                    0 : {\n                        items : 1\n                    },\n                    480 : {\n                        items : 2\n                    },\n                    640 : {\n                        items : 3\n                    },\n                    768 : {\n                        items : 4\n                    },\n                    992 : {\n                        items : 5\n                    },\n                    1024 : {\n                        items : 6\n                    }\n                }\n            });\n\n            initHoverDir();\n        }\n\n        $( menuId +' .stm-menu__item-link' ).click(function(e) {\n            var galleryFilter = $(this).data('gallery-filter');\n\n            $( menuId +' .stm-menu__item' ).removeClass( 'stm-menu__item_active' );\n            $(this).parent().addClass('stm-menu__item_active');\n\n            smartyOwlFilter( galleryFilter );\n\n            e.preventDefault();\n        });\n\n        $(window).load(function() {\n            \/\/ Carousel\n            $carousel.owlCarousel({\n                dots: false,\n                lazyLoad: true,\n                nav: true,\n                responsive:{\n                    0 : {\n                        items : 1\n                    }\n                }\n            });\n\n            $(carouselId + ' .stm-carousel__item').clone().appendTo($(carouselIdCopy));\n\n            \/\/ HoverDir\n            initHoverDir();\n\n            \/\/ FancyBox\n            if( $(\".stm-media-gallery__item-fancybox\").length ) {\n                $(\".stm-media-gallery__item-fancybox\").fancybox({\n                    maxWidth : '70%',\n                    maxHeight : '70%',\n                    autoSize : false,\n                    padding: 0,\n                    closeClick: false,\n                    openEffect: 'none',\n                    closeEffect: 'none',\n                    beforeLoad: function() {\n                        if( $(this.element).attr(\"data-height\") ) {\n                            this.height = $(this.element).attr(\"data-height\");\n                        }\n                    }\n\n                });\n            }\n        });\n    })(jQuery);\n<\/script><\/div><\/div><\/div><\/div><div class=\"vc_row-full-width vc_clearfix\"><\/div><div class=\"vc_row wpb_row vc_row-fluid vc_custom_1695630727100\"><div class=\"wpb_column vc_column_container vc_col-sm-12\"><div class=\"vc_column-inner\"><div class=\"wpb_wrapper\">\n\t<div class=\"wpb_text_column wpb_content_element\" >\n\t\t<div class=\"wpb_wrapper\">\n\t\t\t<h2 style=\"text-align: center;\">Photos al\u00e9atoires de l'\u00e9cole et des activit\u00e9s<\/h2>\n\n\t\t<\/div>\n\t<\/div>\n<\/div><\/div><\/div><\/div><div class=\"vc_row wpb_row vc_row-fluid\"><div class=\"wpb_column vc_column_container vc_col-sm-12\"><div class=\"vc_column-inner\"><div class=\"wpb_wrapper\">\n\t<div class=\"wpb_text_column wpb_content_element\" >\n\t\t<div class=\"wpb_wrapper\">\n\t\t\t<p>[ngg src=&#8221;galleries&#8221; ids=&#8221;2&#8243; display=&#8221;basic_thumbnail&#8221; thumbnail_crop=&#8221;0&#8243;]<\/p>\n\n\t\t<\/div>\n\t<\/div>\n<\/div><\/div><\/div><\/div>\n<\/div>","protected":false},"excerpt":{"rendered":"","protected":false},"author":2,"featured_media":0,"parent":0,"menu_order":54,"comment_status":"closed","ping_status":"closed","template":"","meta":{"footnotes":""},"class_list":["post-1291","page","type-page","status-publish","hentry"],"_links":{"self":[{"href":"https:\/\/moliere-eg.com\/fr\/wp-json\/wp\/v2\/pages\/1291","targetHints":{"allow":["GET"]}}],"collection":[{"href":"https:\/\/moliere-eg.com\/fr\/wp-json\/wp\/v2\/pages"}],"about":[{"href":"https:\/\/moliere-eg.com\/fr\/wp-json\/wp\/v2\/types\/page"}],"author":[{"embeddable":true,"href":"https:\/\/moliere-eg.com\/fr\/wp-json\/wp\/v2\/users\/2"}],"replies":[{"embeddable":true,"href":"https:\/\/moliere-eg.com\/fr\/wp-json\/wp\/v2\/comments?post=1291"}],"version-history":[{"count":17,"href":"https:\/\/moliere-eg.com\/fr\/wp-json\/wp\/v2\/pages\/1291\/revisions"}],"predecessor-version":[{"id":2815,"href":"https:\/\/moliere-eg.com\/fr\/wp-json\/wp\/v2\/pages\/1291\/revisions\/2815"}],"wp:attachment":[{"href":"https:\/\/moliere-eg.com\/fr\/wp-json\/wp\/v2\/media?parent=1291"}],"curies":[{"name":"wp","href":"https:\/\/api.w.org\/{rel}","templated":true}]}}